{"id":1168,"date":"2024-03-01T15:12:31","date_gmt":"2024-03-01T13:12:31","guid":{"rendered":"https:\/\/www.emkap1926.com\/?post_type=product&#038;p=1168"},"modified":"2025-08-21T19:38:16","modified_gmt":"2025-08-21T17:38:16","slug":"poszewka-na-koldre-z-satyny-bawelnianej-przyjemnosc-biala-z-kontrastowa","status":"publish","type":"product","link":"https:\/\/www.emkap1926.com\/en\/product-2\/poszewka-na-koldre-z-satyny-bawelnianej-przyjemnosc-biala-z-kontrastowa\/","title":{"rendered":"Poszewka na ko\u0142dr\u0119 z satyny bawe\u0142nianej \u201ePRZYJEMNO\u015a\u0106\u201d bia\u0142a z kontrastow\u0105 lam\u00f3wk\u0105"},"content":{"rendered":"<p>Stworzyli\u015bmy ekskluzywn\u0105 po\u015bciel z satyny bawe\u0142nianej dla Waszego komfortu snu i przyjemno\u015bci odpoczywania.<\/p>\n<p>Szlachetna po\u015bciel z satyny bawe\u0142nianej z kolekcji \u201ePrzyjemno\u015b\u0107\u201d to klasyczna po\u015bciel w stylu art deco. Po\u015bciel satynowa obszyta bawe\u0142nian\u0105 kontrastow\u0105 czarn\u0105 lam\u00f3wk\u0105 zosta\u0142a zaprojektowana i uszyta r\u0119cznie w Polsce z najwy\u017cszej jako\u015bci certyfikowanej satynowej bawe\u0142ny.<\/p>\n<p><span style=\"color: #a47923;\"><strong>Mi\u0119kka i trwa\u0142a bawe\u0142na satynowa \u2013 szlachetna tkanina, z kt\u00f3rej uszyli\u015bmy Twoj\u0105 po\u015bciel<\/strong><\/span><\/p>\n<p>Tkanina jest jedwabista i wyj\u0105tkowo przyjemna w dotyku. Latem daje przyjemne odczucie ch\u0142odzenia, zim\u0105 przyjemnie otula.<\/p>\n<p>Uniwersalna kolorystyka i klasyczny design sprawia, \u017ce ta ekskluzywna po\u015bciel z satyny bawe\u0142nianej pasuje do ka\u017cdego wn\u0119trza o ka\u017cdej porze roku. Klasyka zawsze si\u0119 sprawdzi czy to we wn\u0119trzu starej kamienicy czy minimalistycznym nowym budownictwie.<\/p>\n<p><span style=\"color: #a47923;\"><strong>Dlaczego warto kupi\u0107 po\u015bciel z satyny bawe\u0142nianej z manufaktury Emkap:<\/strong><\/span><\/p>\n<ul class=\"pseudo\">\n<li>Po\u015bciel z satyny bawe\u0142nianej zapewni przyjemny i komfortowy sen. Naturalne, najwy\u017cszej jako\u015bci tkaniny, z kt\u00f3rych szyjemy po\u015bciel, pozwalaj\u0105 cia\u0142u oddycha\u0107 i nie powoduj\u0105 problem\u00f3w sk\u00f3rnych.<\/li>\n<li>Po\u015bciel z satyny bawe\u0142nianej nie szele\u015bci. Jest dodatkowo (naturalnie) zmi\u0119kczana i bardzo elastyczna.<\/li>\n<li>\u015acis\u0142y satynowy splot naszej bawe\u0142ny sprawia, \u017ce nasza sk\u00f3ra i w\u0142osy \u0142atwiej przesuwaj\u0105 si\u0119 po po\u015bcieli.<\/li>\n<li>Po\u015bciel z bawe\u0142ny satynowej jest du\u017co \u0142atwiejsza w prasowaniu ni\u017c po\u015bciel z bawe\u0142ny o standardowym splocie.<\/li>\n<li>Po\u015bciel zaprojektowana i uszyta w Polsce idealnie pasuje na ko\u0142dry z manufaktury Emkap. Po\u015bciel w rozmiarze 155x200 cm \u2013 wyr\u00f3\u017cniona gwiazdk\u0105 oznacza, \u017ce uszyli\u015bmy t\u0119 po\u015bciel z my\u015bl\u0105 o u\u017cytkownikach naszych ko\u0142der w tym rozmiarze. Po\u015bciel 160x200 b\u0119dzie idealna dla posiadaczy i posiadaczek ko\u0142der w rozmiarze 160x200 innych firm.<\/li>\n<li>Wyj\u0105tkowa estetyka i umi\u0142owanie detalu. Po\u015bciel z bawe\u0142ny satynowej uszyta jest z przywi\u0105zaniem do najmniejszego detalu, wszystkie \u015bciegi s\u0105 estetycznie i r\u00f3wno wyko\u0144czone. W po\u0142\u0105czeniu z najwy\u017cszej jako\u015bci, polsk\u0105 tkanin\u0105 to po\u015bciel na d\u0142ugie lata u\u017cytkowania.<\/li>\n<li>Oferujemy wszystkie rozmiary po\u015bcieli. W sklepie internetowym podzielili\u015bmy po\u015bciel na 2 kategorie: poszewki na ko\u0142dry i osobno, poszewki na poduszki, aby da\u0107 naszym Klientom elastyczno\u015b\u0107 w wyborze. Oferujemy:\n<ul class=\"pseudo\">\n<li>Po\u015bciel bawe\u0142niana satynowa 140x200<\/li>\n<li>Po\u015bciel bawe\u0142niana satynowa 155x200<\/li>\n<li>Po\u015bciel bawe\u0142niana satynowa 160x200<\/li>\n<li>Po\u015bciel bawe\u0142niana satynowa 200x200<\/li>\n<li>Po\u015bciel bawe\u0142niana satynowa 200x220 (gdzie 220 jest szeroko\u015bci\u0105)<\/li>\n<\/ul>\n<\/li>\n<\/ul>\n<p>Oraz poszewki na poduszki w rozmiarach 40x40, 50x60 i 70x80. Szyjemy r\u00f3wnie\u017c\u00a0pod wymiar!<\/p>","protected":false},"excerpt":{"rendered":"<p class=\"western\">W naszej blisko 100-letniej manufakturze tworzymy r\u0119cznie najwy\u017cszej jako\u015bci po\u015bciel, ko\u0142dry i poduszki, kt\u00f3re b\u0119d\u0105 z Tob\u0105 przez d\u0142ugie lata. Ekskluzywna po\u015bciel z satyny bawe\u0142nianej zapakowana jest w z\u0142ocone, solidne i eleganckie pude\u0142ko zamykane na magnes.<\/p>","protected":false},"featured_media":1170,"comment_status":"open","ping_status":"closed","template":"","meta":{"_acf_changed":false},"product_brand":[],"product_cat":[82,83],"product_tag":[],"class_list":{"0":"post-1168","1":"product","2":"type-product","3":"status-publish","4":"has-post-thumbnail","6":"product_cat-posciel","7":"product_cat-poszewki_koldra","9":"first","10":"instock","11":"shipping-taxable","12":"purchasable","13":"product-type-variable","14":"has-default-attributes"},"acf":[],"yoast_head":"<!-- This site is optimized with the Yoast SEO Premium plugin v18.2.1 (Yoast SEO v26.9) - https:\/\/yoast.com\/product\/yoast-seo-premium-wordpress\/ -->\n<title>Poszewka na ko\u0142dr\u0119 z satyny bawe\u0142nianej \u201ePRZYJEMNO\u015a\u0106\u201d bia\u0142a z kontrastow\u0105 lam\u00f3wk\u0105 - Emkap1926<\/title>\n<meta name=\"robots\" content=\"index, follow, max-snippet:-1, max-image-preview:large, max-video-preview:-1\" \/>\n<link rel=\"canonical\" href=\"https:\/\/www.emkap1926.com\/en\/product-2\/poszewka-na-koldre-z-satyny-bawelnianej-przyjemnosc-biala-z-kontrastowa\/?wmc-currency=GBP\" \/>\n<meta property=\"og:locale\" content=\"en_US\" \/>\n<meta property=\"og:type\" content=\"article\" \/>\n<meta property=\"og:title\" content=\"Poszewka na ko\u0142dr\u0119 z satyny bawe\u0142nianej \u201ePRZYJEMNO\u015a\u0106\u201d bia\u0142a z kontrastow\u0105 lam\u00f3wk\u0105\" \/>\n<meta property=\"og:description\" content=\"W naszej blisko 100-letniej manufakturze tworzymy r\u0119cznie najwy\u017cszej jako\u015bci po\u015bciel, ko\u0142dry i poduszki, kt\u00f3re b\u0119d\u0105 z Tob\u0105 przez d\u0142ugie lata. Ekskluzywna po\u015bciel z satyny bawe\u0142nianej zapakowana jest w z\u0142ocone, solidne i eleganckie pude\u0142ko zamykane na magnes.\" \/>\n<meta property=\"og:url\" content=\"https:\/\/www.emkap1926.com\/en\/product-2\/poszewka-na-koldre-z-satyny-bawelnianej-przyjemnosc-biala-z-kontrastowa\/?wmc-currency=GBP\" \/>\n<meta property=\"og:site_name\" content=\"Emkap1926\" \/>\n<meta property=\"article:publisher\" content=\"https:\/\/www.facebook.com\/emkap1926\" \/>\n<meta property=\"article:modified_time\" content=\"2025-08-21T17:38:16+00:00\" \/>\n<meta property=\"og:image\" content=\"https:\/\/www.emkap1926.com\/wp-content\/uploads\/2024\/03\/Posciel-bawelna-satynowa_Emkap_7.jpg\" \/>\n\t<meta property=\"og:image:width\" content=\"2048\" \/>\n\t<meta property=\"og:image:height\" content=\"2048\" \/>\n\t<meta property=\"og:image:type\" content=\"image\/jpeg\" \/>\n<meta name=\"twitter:card\" content=\"summary_large_image\" \/>\n<meta name=\"twitter:label1\" content=\"Est. reading time\" \/>\n\t<meta name=\"twitter:data1\" content=\"3 minutes\" \/>\n<script type=\"application\/ld+json\" class=\"yoast-schema-graph\">{\"@context\":\"https:\/\/schema.org\",\"@graph\":[{\"@type\":\"WebPage\",\"@id\":\"https:\/\/www.emkap1926.com\/produkt\/poszewka-na-koldre-z-satyny-bawelnianej-przyjemnosc-biala-z-kontrastowa\/\",\"url\":\"https:\/\/www.emkap1926.com\/produkt\/poszewka-na-koldre-z-satyny-bawelnianej-przyjemnosc-biala-z-kontrastowa\/\",\"name\":\"Poszewka na ko\u0142dr\u0119 z satyny bawe\u0142nianej \u201ePRZYJEMNO\u015a\u0106\u201d bia\u0142a z kontrastow\u0105 lam\u00f3wk\u0105 - Emkap1926\",\"isPartOf\":{\"@id\":\"https:\/\/www.emkap1926.com\/#website\"},\"primaryImageOfPage\":{\"@id\":\"https:\/\/www.emkap1926.com\/produkt\/poszewka-na-koldre-z-satyny-bawelnianej-przyjemnosc-biala-z-kontrastowa\/#primaryimage\"},\"image\":{\"@id\":\"https:\/\/www.emkap1926.com\/produkt\/poszewka-na-koldre-z-satyny-bawelnianej-przyjemnosc-biala-z-kontrastowa\/#primaryimage\"},\"thumbnailUrl\":\"https:\/\/www.emkap1926.com\/wp-content\/uploads\/2024\/03\/Posciel-bawelna-satynowa_Emkap_7.jpg\",\"datePublished\":\"2024-03-01T13:12:31+00:00\",\"dateModified\":\"2025-08-21T17:38:16+00:00\",\"breadcrumb\":{\"@id\":\"https:\/\/www.emkap1926.com\/produkt\/poszewka-na-koldre-z-satyny-bawelnianej-przyjemnosc-biala-z-kontrastowa\/#breadcrumb\"},\"inLanguage\":\"en-UK\",\"potentialAction\":[{\"@type\":\"ReadAction\",\"target\":[\"https:\/\/www.emkap1926.com\/produkt\/poszewka-na-koldre-z-satyny-bawelnianej-przyjemnosc-biala-z-kontrastowa\/\"]}]},{\"@type\":\"ImageObject\",\"inLanguage\":\"en-UK\",\"@id\":\"https:\/\/www.emkap1926.com\/produkt\/poszewka-na-koldre-z-satyny-bawelnianej-przyjemnosc-biala-z-kontrastowa\/#primaryimage\",\"url\":\"https:\/\/www.emkap1926.com\/wp-content\/uploads\/2024\/03\/Posciel-bawelna-satynowa_Emkap_7.jpg\",\"contentUrl\":\"https:\/\/www.emkap1926.com\/wp-content\/uploads\/2024\/03\/Posciel-bawelna-satynowa_Emkap_7.jpg\",\"width\":2048,\"height\":2048},{\"@type\":\"BreadcrumbList\",\"@id\":\"https:\/\/www.emkap1926.com\/produkt\/poszewka-na-koldre-z-satyny-bawelnianej-przyjemnosc-biala-z-kontrastowa\/#breadcrumb\",\"itemListElement\":[{\"@type\":\"ListItem\",\"position\":1,\"name\":\"Strona g\u0142\u00f3wna\",\"item\":\"https:\/\/www.emkap1926.com\/\"},{\"@type\":\"ListItem\",\"position\":2,\"name\":\"Prywatne: Produkty test\",\"item\":\"https:\/\/www.emkap1926.com\/produkty-test\/\"},{\"@type\":\"ListItem\",\"position\":3,\"name\":\"Poszewka na ko\u0142dr\u0119 z satyny bawe\u0142nianej \u201ePRZYJEMNO\u015a\u0106\u201d bia\u0142a z kontrastow\u0105 lam\u00f3wk\u0105\"}]},{\"@type\":\"WebSite\",\"@id\":\"https:\/\/www.emkap1926.com\/#website\",\"url\":\"https:\/\/www.emkap1926.com\/\",\"name\":\"Emkap1926\",\"description\":\"Najlepsze r\u0119cznie szyte ko\u0142dry puchowe\",\"publisher\":{\"@id\":\"https:\/\/www.emkap1926.com\/#organization\"},\"potentialAction\":[{\"@type\":\"SearchAction\",\"target\":{\"@type\":\"EntryPoint\",\"urlTemplate\":\"https:\/\/www.emkap1926.com\/?s={search_term_string}\"},\"query-input\":{\"@type\":\"PropertyValueSpecification\",\"valueRequired\":true,\"valueName\":\"search_term_string\"}}],\"inLanguage\":\"en-UK\"},{\"@type\":\"Organization\",\"@id\":\"https:\/\/www.emkap1926.com\/#organization\",\"name\":\"Emkap1926\",\"url\":\"https:\/\/www.emkap1926.com\/\",\"logo\":{\"@type\":\"ImageObject\",\"inLanguage\":\"en-UK\",\"@id\":\"https:\/\/www.emkap1926.com\/#\/schema\/logo\/image\/\",\"url\":\"https:\/\/www.emkap1926.com\/wp-content\/uploads\/2022\/06\/logo-e1660324865374.jpg\",\"contentUrl\":\"https:\/\/www.emkap1926.com\/wp-content\/uploads\/2022\/06\/logo-e1660324865374.jpg\",\"width\":500,\"height\":328,\"caption\":\"Emkap1926\"},\"image\":{\"@id\":\"https:\/\/www.emkap1926.com\/#\/schema\/logo\/image\/\"},\"sameAs\":[\"https:\/\/www.facebook.com\/emkap1926\",\"https:\/\/www.instagram.com\/emkap1926\/\"]}]}<\/script>\n<!-- \/ Yoast SEO Premium plugin. -->","yoast_head_json":{"title":"Poszewka na ko\u0142dr\u0119 z satyny bawe\u0142nianej \u201ePRZYJEMNO\u015a\u0106\u201d bia\u0142a z kontrastow\u0105 lam\u00f3wk\u0105 - Emkap1926","robots":{"index":"index","follow":"follow","max-snippet":"max-snippet:-1","max-image-preview":"max-image-preview:large","max-video-preview":"max-video-preview:-1"},"canonical":"https:\/\/www.emkap1926.com\/en\/product-2\/poszewka-na-koldre-z-satyny-bawelnianej-przyjemnosc-biala-z-kontrastowa\/?wmc-currency=GBP","og_locale":"en_US","og_type":"article","og_title":"Poszewka na ko\u0142dr\u0119 z satyny bawe\u0142nianej \u201ePRZYJEMNO\u015a\u0106\u201d bia\u0142a z kontrastow\u0105 lam\u00f3wk\u0105","og_description":"W naszej blisko 100-letniej manufakturze tworzymy r\u0119cznie najwy\u017cszej jako\u015bci po\u015bciel, ko\u0142dry i poduszki, kt\u00f3re b\u0119d\u0105 z Tob\u0105 przez d\u0142ugie lata. Ekskluzywna po\u015bciel z satyny bawe\u0142nianej zapakowana jest w z\u0142ocone, solidne i eleganckie pude\u0142ko zamykane na magnes.","og_url":"https:\/\/www.emkap1926.com\/en\/product-2\/poszewka-na-koldre-z-satyny-bawelnianej-przyjemnosc-biala-z-kontrastowa\/?wmc-currency=GBP","og_site_name":"Emkap1926","article_publisher":"https:\/\/www.facebook.com\/emkap1926","article_modified_time":"2025-08-21T17:38:16+00:00","og_image":[{"width":2048,"height":2048,"url":"https:\/\/www.emkap1926.com\/wp-content\/uploads\/2024\/03\/Posciel-bawelna-satynowa_Emkap_7.jpg","type":"image\/jpeg"}],"twitter_card":"summary_large_image","twitter_misc":{"Est. reading time":"3 minutes"},"schema":{"@context":"https:\/\/schema.org","@graph":[{"@type":"WebPage","@id":"https:\/\/www.emkap1926.com\/produkt\/poszewka-na-koldre-z-satyny-bawelnianej-przyjemnosc-biala-z-kontrastowa\/","url":"https:\/\/www.emkap1926.com\/produkt\/poszewka-na-koldre-z-satyny-bawelnianej-przyjemnosc-biala-z-kontrastowa\/","name":"Poszewka na ko\u0142dr\u0119 z satyny bawe\u0142nianej \u201ePRZYJEMNO\u015a\u0106\u201d bia\u0142a z kontrastow\u0105 lam\u00f3wk\u0105 - Emkap1926","isPartOf":{"@id":"https:\/\/www.emkap1926.com\/#website"},"primaryImageOfPage":{"@id":"https:\/\/www.emkap1926.com\/produkt\/poszewka-na-koldre-z-satyny-bawelnianej-przyjemnosc-biala-z-kontrastowa\/#primaryimage"},"image":{"@id":"https:\/\/www.emkap1926.com\/produkt\/poszewka-na-koldre-z-satyny-bawelnianej-przyjemnosc-biala-z-kontrastowa\/#primaryimage"},"thumbnailUrl":"https:\/\/www.emkap1926.com\/wp-content\/uploads\/2024\/03\/Posciel-bawelna-satynowa_Emkap_7.jpg","datePublished":"2024-03-01T13:12:31+00:00","dateModified":"2025-08-21T17:38:16+00:00","breadcrumb":{"@id":"https:\/\/www.emkap1926.com\/produkt\/poszewka-na-koldre-z-satyny-bawelnianej-przyjemnosc-biala-z-kontrastowa\/#breadcrumb"},"inLanguage":"en-UK","potentialAction":[{"@type":"ReadAction","target":["https:\/\/www.emkap1926.com\/produkt\/poszewka-na-koldre-z-satyny-bawelnianej-przyjemnosc-biala-z-kontrastowa\/"]}]},{"@type":"ImageObject","inLanguage":"en-UK","@id":"https:\/\/www.emkap1926.com\/produkt\/poszewka-na-koldre-z-satyny-bawelnianej-przyjemnosc-biala-z-kontrastowa\/#primaryimage","url":"https:\/\/www.emkap1926.com\/wp-content\/uploads\/2024\/03\/Posciel-bawelna-satynowa_Emkap_7.jpg","contentUrl":"https:\/\/www.emkap1926.com\/wp-content\/uploads\/2024\/03\/Posciel-bawelna-satynowa_Emkap_7.jpg","width":2048,"height":2048},{"@type":"BreadcrumbList","@id":"https:\/\/www.emkap1926.com\/produkt\/poszewka-na-koldre-z-satyny-bawelnianej-przyjemnosc-biala-z-kontrastowa\/#breadcrumb","itemListElement":[{"@type":"ListItem","position":1,"name":"Strona g\u0142\u00f3wna","item":"https:\/\/www.emkap1926.com\/"},{"@type":"ListItem","position":2,"name":"Prywatne: Produkty test","item":"https:\/\/www.emkap1926.com\/produkty-test\/"},{"@type":"ListItem","position":3,"name":"Poszewka na ko\u0142dr\u0119 z satyny bawe\u0142nianej \u201ePRZYJEMNO\u015a\u0106\u201d bia\u0142a z kontrastow\u0105 lam\u00f3wk\u0105"}]},{"@type":"WebSite","@id":"https:\/\/www.emkap1926.com\/#website","url":"https:\/\/www.emkap1926.com\/","name":"Emkap1926","description":"Najlepsze r\u0119cznie szyte ko\u0142dry puchowe","publisher":{"@id":"https:\/\/www.emkap1926.com\/#organization"},"potentialAction":[{"@type":"SearchAction","target":{"@type":"EntryPoint","urlTemplate":"https:\/\/www.emkap1926.com\/?s={search_term_string}"},"query-input":{"@type":"PropertyValueSpecification","valueRequired":true,"valueName":"search_term_string"}}],"inLanguage":"en-UK"},{"@type":"Organization","@id":"https:\/\/www.emkap1926.com\/#organization","name":"Emkap1926","url":"https:\/\/www.emkap1926.com\/","logo":{"@type":"ImageObject","inLanguage":"en-UK","@id":"https:\/\/www.emkap1926.com\/#\/schema\/logo\/image\/","url":"https:\/\/www.emkap1926.com\/wp-content\/uploads\/2022\/06\/logo-e1660324865374.jpg","contentUrl":"https:\/\/www.emkap1926.com\/wp-content\/uploads\/2022\/06\/logo-e1660324865374.jpg","width":500,"height":328,"caption":"Emkap1926"},"image":{"@id":"https:\/\/www.emkap1926.com\/#\/schema\/logo\/image\/"},"sameAs":["https:\/\/www.facebook.com\/emkap1926","https:\/\/www.instagram.com\/emkap1926\/"]}]}},"_links":{"self":[{"href":"https:\/\/www.emkap1926.com\/en\/wp-json\/wp\/v2\/product\/1168","targetHints":{"allow":["GET"]}}],"collection":[{"href":"https:\/\/www.emkap1926.com\/en\/wp-json\/wp\/v2\/product"}],"about":[{"href":"https:\/\/www.emkap1926.com\/en\/wp-json\/wp\/v2\/types\/product"}],"replies":[{"embeddable":true,"href":"https:\/\/www.emkap1926.com\/en\/wp-json\/wp\/v2\/comments?post=1168"}],"wp:featuredmedia":[{"embeddable":true,"href":"https:\/\/www.emkap1926.com\/en\/wp-json\/wp\/v2\/media\/1170"}],"wp:attachment":[{"href":"https:\/\/www.emkap1926.com\/en\/wp-json\/wp\/v2\/media?parent=1168"}],"wp:term":[{"taxonomy":"product_brand","embeddable":true,"href":"https:\/\/www.emkap1926.com\/en\/wp-json\/wp\/v2\/product_brand?post=1168"},{"taxonomy":"product_cat","embeddable":true,"href":"https:\/\/www.emkap1926.com\/en\/wp-json\/wp\/v2\/product_cat?post=1168"},{"taxonomy":"product_tag","embeddable":true,"href":"https:\/\/www.emkap1926.com\/en\/wp-json\/wp\/v2\/product_tag?post=1168"}],"curies":[{"name":"wp","href":"https:\/\/api.w.org\/{rel}","templated":true}]}}