{"id":1269,"date":"2024-05-18T13:52:29","date_gmt":"2024-05-18T11:52:29","guid":{"rendered":"https:\/\/www.emkap1926.com\/?post_type=product&#038;p=1269"},"modified":"2025-04-01T14:58:15","modified_gmt":"2025-04-01T12:58:15","slug":"poduszka-puchowa-40-x-40-cm-recznie-uszyta-z-pierzem-dartym-kolekcja-classic","status":"publish","type":"product","link":"https:\/\/www.emkap1926.com\/en\/product-2\/poduszka-puchowa-40-x-40-cm-recznie-uszyta-z-pierzem-dartym-kolekcja-classic\/","title":{"rendered":"Poduszka puchowa 40x40 cm r\u0119cznie uszyta z pierzem dartym - KOLEKCJA \"CLASSIC\""},"content":{"rendered":"<p>KOLEKCJA \"CLASSIC\" poduszka puchowa r\u0119cznie uszyta z pierzem dartym w rozmiarze 40 x 40 cm<\/p>\n<p><strong>DANE TECHNICZNE<\/strong><\/p>\n<hr \/>\n<p><strong>Rodzaj:<\/strong>\u00a0ca\u0142oroczna<\/p>\n<p><strong>Tkanina:<\/strong>\u00a0100% bawe\u0142na o gramaturze 190g\/<span data-sanitized-data-mce-fragment=\"1\">m<\/span><sup data-sanitized-data-mce-fragment=\"1\">2<\/sup><\/p>\n<p><strong>Wype\u0142nienie:<\/strong>\u00a080% pierze darte z wielkopolskich g\u0119si, 20% bia\u0142y puch z wielkopolskich g\u0119si o spr\u0119\u017cysto\u015bci 700 CUIN<\/p>\n<p><strong data-sanitized-data-mce-fragment=\"1\"><span lang=\"PL\" data-sanitized-data-mce-fragment=\"1\">Waga wype\u0142nienia:\u00a0<\/span><\/strong><span lang=\"PL\" data-sanitized-data-mce-fragment=\"1\">250g<\/span><\/p>\n<p><strong>Konstrukcja:\u00a0<\/strong>Poduszka jednokomorowa.<strong>\u00a0<\/strong>Ka\u017cda poduszka zako\u0144czona jest biz\u0105, czyli bia\u0142\u0105 bawe\u0142nian\u0105 ta\u015bm\u0105 z delikatnym po\u0142yskiem, kt\u00f3ra dodatkowo spe\u0142nia funkcje uszczelniaj\u0105ce.<\/p>\n<p><strong>Opakowanie:\u00a0<\/strong>Poduszka zapakowana jest w oddychaj\u0105c\u0105, bawe\u0142nian\u0105 i zawi\u0105zywan\u0105 na sznureczki torb\u0119, idealn\u0105 do przechowywania. Doskonale sprawdzi si\u0119 r\u00f3wnie\u017c jako eleganckie opakowanie na prezent.<\/p>\n<p><strong>Kolor:<\/strong>\u00a0bia\u0142y<\/p>\n<p class=\"Standard translation-block\"><strong>Czas realizacji zam\u00f3wienia<\/strong>:&nbsp;Nie mamy d\u0142ugich linii produkcyjnych.&nbsp;Szyjemy dla naszych klient\u00f3w, wykonujemy nasze puchowe ko\u0142dry i poduszki pod konkretne zam\u00f3wienia. 7 dni roboczych od momentu z\u0142o\u017cenia zam\u00f3wienia to maksymalny czas na jego realizacj\u0119, ale zawsze staramy si\u0119, aby\u015bcie otrzymali swoje zam\u00f3wienie wcze\u015bniej.<\/p>\n<p><strong>WI\u0118CEJ INFORMACJI<\/strong><\/p>\n<hr \/>\n<p>Po wi\u0119cej informacji dotycz\u0105cych rodzaju i pochodzenia puchu, tkaniny, w\u0142a\u015bciwo\u015bci termoregulacyjnych poduszki, mo\u017cliwo\u015bci zam\u00f3wienia poduszki pod wymiar zapraszamy na podstron\u0119: <a href=\"https:\/\/www.emkap1926.com\/en\/product-2\/kolekcja-classic-poduszka-puchowo-pierzowa-z-pierzem-dartym\/?wmc-currency=GBP\">LINK<\/a><\/p>","protected":false},"excerpt":{"rendered":"<p>Od 100 lat szyjemy r\u0119cznie naturalne, doskona\u0142ej jako\u015bci spr\u0119\u017cyste puchowe oraz puchowo-pierzowe poduszki. W prezencie do ka\u017cdej poduszki bawe\u0142niane etui zawi\u0105zywane na sznureczki. Dla naszych klient\u00f3w oferujemy us\u0142ug\u0119 regeneracji poduszek po wielu latach u\u017cytkowania.<\/p>","protected":false},"featured_media":165,"comment_status":"open","ping_status":"closed","template":"","meta":{"_acf_changed":false},"product_brand":[],"product_cat":[23],"product_tag":[90],"class_list":{"0":"post-1269","1":"product","2":"type-product","3":"status-publish","4":"has-post-thumbnail","6":"product_cat-poduszki-puchowe","7":"product_tag-40x40","9":"first","10":"instock","11":"shipping-taxable","12":"purchasable","13":"product-type-simple"},"acf":[],"yoast_head":"<!-- This site is optimized with the Yoast SEO Premium plugin v18.2.1 (Yoast SEO v26.9) - https:\/\/yoast.com\/product\/yoast-seo-premium-wordpress\/ -->\n<title>Poduszka puchowa 40x40 cm r\u0119cznie uszyta z pierzem dartym - KOLEKCJA &quot;CLASSIC&quot; - Emkap1926<\/title>\n<meta name=\"robots\" content=\"index, follow, max-snippet:-1, max-image-preview:large, max-video-preview:-1\" \/>\n<link rel=\"canonical\" href=\"https:\/\/www.emkap1926.com\/en\/product-2\/poduszka-puchowa-40-x-40-cm-recznie-uszyta-z-pierzem-dartym-kolekcja-classic\/?wmc-currency=GBP\" \/>\n<meta property=\"og:locale\" content=\"en_US\" \/>\n<meta property=\"og:type\" content=\"article\" \/>\n<meta property=\"og:title\" content=\"Poduszka puchowa 40x40 cm r\u0119cznie uszyta z pierzem dartym - KOLEKCJA &quot;CLASSIC&quot;\" \/>\n<meta property=\"og:description\" content=\"Od 100 lat szyjemy r\u0119cznie naturalne, doskona\u0142ej jako\u015bci spr\u0119\u017cyste puchowe oraz puchowo-pierzowe poduszki. W prezencie do ka\u017cdej poduszki bawe\u0142niane etui zawi\u0105zywane na sznureczki. Dla naszych klient\u00f3w oferujemy us\u0142ug\u0119 regeneracji poduszek po wielu latach u\u017cytkowania.\" \/>\n<meta property=\"og:url\" content=\"https:\/\/www.emkap1926.com\/en\/product-2\/poduszka-puchowa-40-x-40-cm-recznie-uszyta-z-pierzem-dartym-kolekcja-classic\/?wmc-currency=GBP\" \/>\n<meta property=\"og:site_name\" content=\"Emkap1926\" \/>\n<meta property=\"article:publisher\" content=\"https:\/\/www.facebook.com\/emkap1926\" \/>\n<meta property=\"article:modified_time\" content=\"2025-04-01T12:58:15+00:00\" \/>\n<meta property=\"og:image\" content=\"https:\/\/www.emkap1926.com\/wp-content\/uploads\/2022\/05\/211015EMKAP15808_post_1_790d499f-ce38-4a62-b36b-c90b84e63ea4.jpg\" \/>\n\t<meta property=\"og:image:width\" content=\"1920\" \/>\n\t<meta property=\"og:image:height\" content=\"1920\" \/>\n\t<meta property=\"og:image:type\" content=\"image\/jpeg\" \/>\n<meta name=\"twitter:card\" content=\"summary_large_image\" \/>\n<meta name=\"twitter:label1\" content=\"Est. reading time\" \/>\n\t<meta name=\"twitter:data1\" content=\"1 minute\" \/>\n<script type=\"application\/ld+json\" class=\"yoast-schema-graph\">{\"@context\":\"https:\/\/schema.org\",\"@graph\":[{\"@type\":\"WebPage\",\"@id\":\"https:\/\/www.emkap1926.com\/produkt\/poduszka-puchowa-40-x-40-cm-recznie-uszyta-z-pierzem-dartym-kolekcja-classic\/\",\"url\":\"https:\/\/www.emkap1926.com\/produkt\/poduszka-puchowa-40-x-40-cm-recznie-uszyta-z-pierzem-dartym-kolekcja-classic\/\",\"name\":\"Poduszka puchowa 40x40 cm r\u0119cznie uszyta z pierzem dartym - KOLEKCJA \\\"CLASSIC\\\" - Emkap1926\",\"isPartOf\":{\"@id\":\"https:\/\/www.emkap1926.com\/#website\"},\"primaryImageOfPage\":{\"@id\":\"https:\/\/www.emkap1926.com\/produkt\/poduszka-puchowa-40-x-40-cm-recznie-uszyta-z-pierzem-dartym-kolekcja-classic\/#primaryimage\"},\"image\":{\"@id\":\"https:\/\/www.emkap1926.com\/produkt\/poduszka-puchowa-40-x-40-cm-recznie-uszyta-z-pierzem-dartym-kolekcja-classic\/#primaryimage\"},\"thumbnailUrl\":\"https:\/\/www.emkap1926.com\/wp-content\/uploads\/2022\/05\/211015EMKAP15808_post_1_790d499f-ce38-4a62-b36b-c90b84e63ea4.jpg\",\"datePublished\":\"2024-05-18T11:52:29+00:00\",\"dateModified\":\"2025-04-01T12:58:15+00:00\",\"breadcrumb\":{\"@id\":\"https:\/\/www.emkap1926.com\/produkt\/poduszka-puchowa-40-x-40-cm-recznie-uszyta-z-pierzem-dartym-kolekcja-classic\/#breadcrumb\"},\"inLanguage\":\"en-UK\",\"potentialAction\":[{\"@type\":\"ReadAction\",\"target\":[\"https:\/\/www.emkap1926.com\/produkt\/poduszka-puchowa-40-x-40-cm-recznie-uszyta-z-pierzem-dartym-kolekcja-classic\/\"]}]},{\"@type\":\"ImageObject\",\"inLanguage\":\"en-UK\",\"@id\":\"https:\/\/www.emkap1926.com\/produkt\/poduszka-puchowa-40-x-40-cm-recznie-uszyta-z-pierzem-dartym-kolekcja-classic\/#primaryimage\",\"url\":\"https:\/\/www.emkap1926.com\/wp-content\/uploads\/2022\/05\/211015EMKAP15808_post_1_790d499f-ce38-4a62-b36b-c90b84e63ea4.jpg\",\"contentUrl\":\"https:\/\/www.emkap1926.com\/wp-content\/uploads\/2022\/05\/211015EMKAP15808_post_1_790d499f-ce38-4a62-b36b-c90b84e63ea4.jpg\",\"width\":1920,\"height\":1920},{\"@type\":\"BreadcrumbList\",\"@id\":\"https:\/\/www.emkap1926.com\/produkt\/poduszka-puchowa-40-x-40-cm-recznie-uszyta-z-pierzem-dartym-kolekcja-classic\/#breadcrumb\",\"itemListElement\":[{\"@type\":\"ListItem\",\"position\":1,\"name\":\"Strona g\u0142\u00f3wna\",\"item\":\"https:\/\/www.emkap1926.com\/\"},{\"@type\":\"ListItem\",\"position\":2,\"name\":\"Prywatne: Produkty test\",\"item\":\"https:\/\/www.emkap1926.com\/produkty-test\/\"},{\"@type\":\"ListItem\",\"position\":3,\"name\":\"Poduszka puchowa 40x40 cm r\u0119cznie uszyta z pierzem dartym - KOLEKCJA \\\"CLASSIC\\\"\"}]},{\"@type\":\"WebSite\",\"@id\":\"https:\/\/www.emkap1926.com\/#website\",\"url\":\"https:\/\/www.emkap1926.com\/\",\"name\":\"Emkap1926\",\"description\":\"Najlepsze r\u0119cznie szyte ko\u0142dry puchowe\",\"publisher\":{\"@id\":\"https:\/\/www.emkap1926.com\/#organization\"},\"potentialAction\":[{\"@type\":\"SearchAction\",\"target\":{\"@type\":\"EntryPoint\",\"urlTemplate\":\"https:\/\/www.emkap1926.com\/?s={search_term_string}\"},\"query-input\":{\"@type\":\"PropertyValueSpecification\",\"valueRequired\":true,\"valueName\":\"search_term_string\"}}],\"inLanguage\":\"en-UK\"},{\"@type\":\"Organization\",\"@id\":\"https:\/\/www.emkap1926.com\/#organization\",\"name\":\"Emkap1926\",\"url\":\"https:\/\/www.emkap1926.com\/\",\"logo\":{\"@type\":\"ImageObject\",\"inLanguage\":\"en-UK\",\"@id\":\"https:\/\/www.emkap1926.com\/#\/schema\/logo\/image\/\",\"url\":\"https:\/\/www.emkap1926.com\/wp-content\/uploads\/2022\/06\/logo-e1660324865374.jpg\",\"contentUrl\":\"https:\/\/www.emkap1926.com\/wp-content\/uploads\/2022\/06\/logo-e1660324865374.jpg\",\"width\":500,\"height\":328,\"caption\":\"Emkap1926\"},\"image\":{\"@id\":\"https:\/\/www.emkap1926.com\/#\/schema\/logo\/image\/\"},\"sameAs\":[\"https:\/\/www.facebook.com\/emkap1926\",\"https:\/\/www.instagram.com\/emkap1926\/\"]}]}<\/script>\n<!-- \/ Yoast SEO Premium plugin. -->","yoast_head_json":{"title":"Poduszka puchowa 40x40 cm r\u0119cznie uszyta z pierzem dartym - KOLEKCJA \"CLASSIC\" - Emkap1926","robots":{"index":"index","follow":"follow","max-snippet":"max-snippet:-1","max-image-preview":"max-image-preview:large","max-video-preview":"max-video-preview:-1"},"canonical":"https:\/\/www.emkap1926.com\/en\/product-2\/poduszka-puchowa-40-x-40-cm-recznie-uszyta-z-pierzem-dartym-kolekcja-classic\/?wmc-currency=GBP","og_locale":"en_US","og_type":"article","og_title":"Poduszka puchowa 40x40 cm r\u0119cznie uszyta z pierzem dartym - KOLEKCJA \"CLASSIC\"","og_description":"Od 100 lat szyjemy r\u0119cznie naturalne, doskona\u0142ej jako\u015bci spr\u0119\u017cyste puchowe oraz puchowo-pierzowe poduszki. W prezencie do ka\u017cdej poduszki bawe\u0142niane etui zawi\u0105zywane na sznureczki. Dla naszych klient\u00f3w oferujemy us\u0142ug\u0119 regeneracji poduszek po wielu latach u\u017cytkowania.","og_url":"https:\/\/www.emkap1926.com\/en\/product-2\/poduszka-puchowa-40-x-40-cm-recznie-uszyta-z-pierzem-dartym-kolekcja-classic\/?wmc-currency=GBP","og_site_name":"Emkap1926","article_publisher":"https:\/\/www.facebook.com\/emkap1926","article_modified_time":"2025-04-01T12:58:15+00:00","og_image":[{"width":1920,"height":1920,"url":"https:\/\/www.emkap1926.com\/wp-content\/uploads\/2022\/05\/211015EMKAP15808_post_1_790d499f-ce38-4a62-b36b-c90b84e63ea4.jpg","type":"image\/jpeg"}],"twitter_card":"summary_large_image","twitter_misc":{"Est. reading time":"1 minute"},"schema":{"@context":"https:\/\/schema.org","@graph":[{"@type":"WebPage","@id":"https:\/\/www.emkap1926.com\/produkt\/poduszka-puchowa-40-x-40-cm-recznie-uszyta-z-pierzem-dartym-kolekcja-classic\/","url":"https:\/\/www.emkap1926.com\/produkt\/poduszka-puchowa-40-x-40-cm-recznie-uszyta-z-pierzem-dartym-kolekcja-classic\/","name":"Poduszka puchowa 40x40 cm r\u0119cznie uszyta z pierzem dartym - KOLEKCJA \"CLASSIC\" - Emkap1926","isPartOf":{"@id":"https:\/\/www.emkap1926.com\/#website"},"primaryImageOfPage":{"@id":"https:\/\/www.emkap1926.com\/produkt\/poduszka-puchowa-40-x-40-cm-recznie-uszyta-z-pierzem-dartym-kolekcja-classic\/#primaryimage"},"image":{"@id":"https:\/\/www.emkap1926.com\/produkt\/poduszka-puchowa-40-x-40-cm-recznie-uszyta-z-pierzem-dartym-kolekcja-classic\/#primaryimage"},"thumbnailUrl":"https:\/\/www.emkap1926.com\/wp-content\/uploads\/2022\/05\/211015EMKAP15808_post_1_790d499f-ce38-4a62-b36b-c90b84e63ea4.jpg","datePublished":"2024-05-18T11:52:29+00:00","dateModified":"2025-04-01T12:58:15+00:00","breadcrumb":{"@id":"https:\/\/www.emkap1926.com\/produkt\/poduszka-puchowa-40-x-40-cm-recznie-uszyta-z-pierzem-dartym-kolekcja-classic\/#breadcrumb"},"inLanguage":"en-UK","potentialAction":[{"@type":"ReadAction","target":["https:\/\/www.emkap1926.com\/produkt\/poduszka-puchowa-40-x-40-cm-recznie-uszyta-z-pierzem-dartym-kolekcja-classic\/"]}]},{"@type":"ImageObject","inLanguage":"en-UK","@id":"https:\/\/www.emkap1926.com\/produkt\/poduszka-puchowa-40-x-40-cm-recznie-uszyta-z-pierzem-dartym-kolekcja-classic\/#primaryimage","url":"https:\/\/www.emkap1926.com\/wp-content\/uploads\/2022\/05\/211015EMKAP15808_post_1_790d499f-ce38-4a62-b36b-c90b84e63ea4.jpg","contentUrl":"https:\/\/www.emkap1926.com\/wp-content\/uploads\/2022\/05\/211015EMKAP15808_post_1_790d499f-ce38-4a62-b36b-c90b84e63ea4.jpg","width":1920,"height":1920},{"@type":"BreadcrumbList","@id":"https:\/\/www.emkap1926.com\/produkt\/poduszka-puchowa-40-x-40-cm-recznie-uszyta-z-pierzem-dartym-kolekcja-classic\/#breadcrumb","itemListElement":[{"@type":"ListItem","position":1,"name":"Strona g\u0142\u00f3wna","item":"https:\/\/www.emkap1926.com\/"},{"@type":"ListItem","position":2,"name":"Prywatne: Produkty test","item":"https:\/\/www.emkap1926.com\/produkty-test\/"},{"@type":"ListItem","position":3,"name":"Poduszka puchowa 40x40 cm r\u0119cznie uszyta z pierzem dartym - KOLEKCJA \"CLASSIC\""}]},{"@type":"WebSite","@id":"https:\/\/www.emkap1926.com\/#website","url":"https:\/\/www.emkap1926.com\/","name":"Emkap1926","description":"Najlepsze r\u0119cznie szyte ko\u0142dry puchowe","publisher":{"@id":"https:\/\/www.emkap1926.com\/#organization"},"potentialAction":[{"@type":"SearchAction","target":{"@type":"EntryPoint","urlTemplate":"https:\/\/www.emkap1926.com\/?s={search_term_string}"},"query-input":{"@type":"PropertyValueSpecification","valueRequired":true,"valueName":"search_term_string"}}],"inLanguage":"en-UK"},{"@type":"Organization","@id":"https:\/\/www.emkap1926.com\/#organization","name":"Emkap1926","url":"https:\/\/www.emkap1926.com\/","logo":{"@type":"ImageObject","inLanguage":"en-UK","@id":"https:\/\/www.emkap1926.com\/#\/schema\/logo\/image\/","url":"https:\/\/www.emkap1926.com\/wp-content\/uploads\/2022\/06\/logo-e1660324865374.jpg","contentUrl":"https:\/\/www.emkap1926.com\/wp-content\/uploads\/2022\/06\/logo-e1660324865374.jpg","width":500,"height":328,"caption":"Emkap1926"},"image":{"@id":"https:\/\/www.emkap1926.com\/#\/schema\/logo\/image\/"},"sameAs":["https:\/\/www.facebook.com\/emkap1926","https:\/\/www.instagram.com\/emkap1926\/"]}]}},"_links":{"self":[{"href":"https:\/\/www.emkap1926.com\/en\/wp-json\/wp\/v2\/product\/1269","targetHints":{"allow":["GET"]}}],"collection":[{"href":"https:\/\/www.emkap1926.com\/en\/wp-json\/wp\/v2\/product"}],"about":[{"href":"https:\/\/www.emkap1926.com\/en\/wp-json\/wp\/v2\/types\/product"}],"replies":[{"embeddable":true,"href":"https:\/\/www.emkap1926.com\/en\/wp-json\/wp\/v2\/comments?post=1269"}],"wp:featuredmedia":[{"embeddable":true,"href":"https:\/\/www.emkap1926.com\/en\/wp-json\/wp\/v2\/media\/165"}],"wp:attachment":[{"href":"https:\/\/www.emkap1926.com\/en\/wp-json\/wp\/v2\/media?parent=1269"}],"wp:term":[{"taxonomy":"product_brand","embeddable":true,"href":"https:\/\/www.emkap1926.com\/en\/wp-json\/wp\/v2\/product_brand?post=1269"},{"taxonomy":"product_cat","embeddable":true,"href":"https:\/\/www.emkap1926.com\/en\/wp-json\/wp\/v2\/product_cat?post=1269"},{"taxonomy":"product_tag","embeddable":true,"href":"https:\/\/www.emkap1926.com\/en\/wp-json\/wp\/v2\/product_tag?post=1269"}],"curies":[{"name":"wp","href":"https:\/\/api.w.org\/{rel}","templated":true}]}}