{"id":1611,"date":"2025-04-01T13:48:31","date_gmt":"2025-04-01T11:48:31","guid":{"rendered":"https:\/\/www.emkap1926.com\/?post_type=product&#038;p=1611"},"modified":"2026-02-03T15:34:38","modified_gmt":"2026-02-03T13:34:38","slug":"kolekcja-ewa-premium-heritage-poduszka-puchowa-premium-recznie-uszyta-ze-100-puchu-gesiego","status":"publish","type":"product","link":"https:\/\/www.emkap1926.com\/en\/product-2\/kolekcja-ewa-premium-heritage-poduszka-puchowa-premium-recznie-uszyta-ze-100-puchu-gesiego\/","title":{"rendered":"KOLEKCJA \"EWA PREMIUM HERITAGE\" - poduszka puchowa premium r\u0119cznie uszyta, 100% puchu g\u0119siego"},"content":{"rendered":"<p class=\"western translation-block\"><span lang=\"pl-PL\">Puchowa poduszka z <\/span>kolekcji Ewa Premium Heritage zosta\u0142a stworzona z my\u015bl\u0105 o tych, kt\u00f3rzy nie uznaj\u0105 kompromis\u00f3w w kwestii komfortu. Poduszki wype\u0142nione s\u0105 <span lang=\"pl-PL\">solidnie <\/span>w 100% najwy\u017cszej jako\u015bci<span lang=\"pl-PL\"> polskim<\/span> puchem g\u0119sim, co zapewnia <b>idealne podparcie<\/b> <span lang=\"pl-PL\">oraz <\/span>niezwyk\u0142\u0105 lekko\u015b\u0107<span lang=\"pl-PL\"> i przewiewno\u015b\u0107<\/span>.<\/p>\n<p class=\"western translation-block\">Aksamitny <span lang=\"pl-PL\">100% <\/span>bawe\u0142niany inlet<span lang=\"pl-PL\"> (tkanina na zewn\u0105trz poduszki)<\/span> otula delikatno\u015bci\u0105, jednocze\u015bnie chroni\u0105c puch i zwi\u0119kszaj\u0105c trwa\u0142o\u015b\u0107 poduszki. Naturalne materia\u0142y gwarantuj\u0105 doskona\u0142\u0105 cyrkulacj\u0119 powietrza, pomagaj\u0105c utrzyma\u0107 <b>optymaln\u0105 temperatur\u0119 przez ca\u0142\u0105 noc<\/b>.<\/p>\n<p class=\"translation-block\"><span style=\"color: #3d3d3d;\"><span style=\"font-family: EB Garamond, serif;\">Poduszka&nbsp;<\/span><\/span><strong><span style=\"color: #3d3d3d;\"><span style=\"font-family: EB Garamond, serif;\">zapakowana jest w oddychaj\u0105c\u0105, bawe\u0142nian\u0105 i zawi\u0105zywan\u0105 na sznureczki torb\u0119, idealn\u0105 do przechowywania<\/span><\/span><\/strong><span style=\"color: #3d3d3d;\"><span style=\"font-family: EB Garamond, serif;\">. Doskonale sprawdzi si\u0119 r\u00f3wnie\u017c jako eleganckie opakowanie na prezent!<\/span><\/span><\/p>\n<p class=\"translation-block\">Naturalne materia\u0142y i staranno\u015b\u0107 wykonania sprawiaj\u0105, \u017ce poduszki z kolekcji <strong>Ewa Premium Heritage<\/strong> to idealny wyb\u00f3r dla os\u00f3b poszukuj\u0105cych produkt\u00f3w klasy premium.<\/p>","protected":false},"excerpt":{"rendered":"<p>Od 100 lat szyjemy r\u0119cznie naturalne, doskona\u0142ej jako\u015bci spr\u0119\u017cyste puchowe oraz puchowo-pierzowe poduszki. W prezencie do ka\u017cdej poduszki bawe\u0142niane etui zawi\u0105zywane na sznureczki. Dla naszych klient\u00f3w oferujemy us\u0142ug\u0119 regeneracji poduszek po wielu latach u\u017cytkowania.<\/p>","protected":false},"featured_media":1614,"comment_status":"open","ping_status":"closed","template":"","meta":{"_acf_changed":false},"product_brand":[],"product_cat":[101,23],"product_tag":[],"class_list":{"0":"post-1611","1":"product","2":"type-product","3":"status-publish","4":"has-post-thumbnail","6":"product_cat-kolekcja-ewa-premium-heritage","7":"product_cat-poduszki-puchowe","9":"first","10":"instock","11":"shipping-taxable","12":"purchasable","13":"product-type-variable"},"acf":[],"yoast_head":"<!-- This site is optimized with the Yoast SEO Premium plugin v18.2.1 (Yoast SEO v26.9) - https:\/\/yoast.com\/product\/yoast-seo-premium-wordpress\/ -->\n<title>KOLEKCJA &quot;EWA PREMIUM HERITAGE&quot; - poduszka puchowa premium r\u0119cznie uszyta, 100% puchu g\u0119siego - Emkap1926<\/title>\n<meta name=\"robots\" content=\"index, follow, max-snippet:-1, max-image-preview:large, max-video-preview:-1\" \/>\n<link rel=\"canonical\" href=\"https:\/\/www.emkap1926.com\/en\/product-2\/kolekcja-ewa-premium-heritage-poduszka-puchowa-premium-recznie-uszyta-ze-100-puchu-gesiego\/?wmc-currency=GBP\" \/>\n<meta property=\"og:locale\" content=\"en_US\" \/>\n<meta property=\"og:type\" content=\"article\" \/>\n<meta property=\"og:title\" content=\"KOLEKCJA &quot;EWA PREMIUM HERITAGE&quot; - poduszka puchowa premium r\u0119cznie uszyta, 100% puchu g\u0119siego\" \/>\n<meta property=\"og:description\" content=\"Od 100 lat szyjemy r\u0119cznie naturalne, doskona\u0142ej jako\u015bci spr\u0119\u017cyste puchowe oraz puchowo-pierzowe poduszki. W prezencie do ka\u017cdej poduszki bawe\u0142niane etui zawi\u0105zywane na sznureczki. Dla naszych klient\u00f3w oferujemy us\u0142ug\u0119 regeneracji poduszek po wielu latach u\u017cytkowania.\" \/>\n<meta property=\"og:url\" content=\"https:\/\/www.emkap1926.com\/en\/product-2\/kolekcja-ewa-premium-heritage-poduszka-puchowa-premium-recznie-uszyta-ze-100-puchu-gesiego\/?wmc-currency=GBP\" \/>\n<meta property=\"og:site_name\" content=\"Emkap1926\" \/>\n<meta property=\"article:publisher\" content=\"https:\/\/www.facebook.com\/emkap1926\" \/>\n<meta property=\"article:modified_time\" content=\"2026-02-03T13:34:38+00:00\" \/>\n<meta property=\"og:image\" content=\"https:\/\/www.emkap1926.com\/wp-content\/uploads\/2025\/04\/EMKAP_JAM_KOLEKTYW_12.10.2021341-copy-scaled.jpg\" \/>\n\t<meta property=\"og:image:width\" content=\"2560\" \/>\n\t<meta property=\"og:image:height\" content=\"2560\" \/>\n\t<meta property=\"og:image:type\" content=\"image\/jpeg\" \/>\n<meta name=\"twitter:card\" content=\"summary_large_image\" \/>\n<meta name=\"twitter:label1\" content=\"Est. reading time\" \/>\n\t<meta name=\"twitter:data1\" content=\"1 minute\" \/>\n<script type=\"application\/ld+json\" class=\"yoast-schema-graph\">{\"@context\":\"https:\/\/schema.org\",\"@graph\":[{\"@type\":\"WebPage\",\"@id\":\"https:\/\/www.emkap1926.com\/produkt\/kolekcja-ewa-premium-heritage-poduszka-puchowa-premium-recznie-uszyta-ze-100-puchu-gesiego\/\",\"url\":\"https:\/\/www.emkap1926.com\/produkt\/kolekcja-ewa-premium-heritage-poduszka-puchowa-premium-recznie-uszyta-ze-100-puchu-gesiego\/\",\"name\":\"KOLEKCJA \\\"EWA PREMIUM HERITAGE\\\" - poduszka puchowa premium r\u0119cznie uszyta, 100% puchu g\u0119siego - Emkap1926\",\"isPartOf\":{\"@id\":\"https:\/\/www.emkap1926.com\/#website\"},\"primaryImageOfPage\":{\"@id\":\"https:\/\/www.emkap1926.com\/produkt\/kolekcja-ewa-premium-heritage-poduszka-puchowa-premium-recznie-uszyta-ze-100-puchu-gesiego\/#primaryimage\"},\"image\":{\"@id\":\"https:\/\/www.emkap1926.com\/produkt\/kolekcja-ewa-premium-heritage-poduszka-puchowa-premium-recznie-uszyta-ze-100-puchu-gesiego\/#primaryimage\"},\"thumbnailUrl\":\"https:\/\/www.emkap1926.com\/wp-content\/uploads\/2025\/04\/EMKAP_JAM_KOLEKTYW_12.10.2021341-copy-scaled.jpg\",\"datePublished\":\"2025-04-01T11:48:31+00:00\",\"dateModified\":\"2026-02-03T13:34:38+00:00\",\"breadcrumb\":{\"@id\":\"https:\/\/www.emkap1926.com\/produkt\/kolekcja-ewa-premium-heritage-poduszka-puchowa-premium-recznie-uszyta-ze-100-puchu-gesiego\/#breadcrumb\"},\"inLanguage\":\"en-UK\",\"potentialAction\":[{\"@type\":\"ReadAction\",\"target\":[\"https:\/\/www.emkap1926.com\/produkt\/kolekcja-ewa-premium-heritage-poduszka-puchowa-premium-recznie-uszyta-ze-100-puchu-gesiego\/\"]}]},{\"@type\":\"ImageObject\",\"inLanguage\":\"en-UK\",\"@id\":\"https:\/\/www.emkap1926.com\/produkt\/kolekcja-ewa-premium-heritage-poduszka-puchowa-premium-recznie-uszyta-ze-100-puchu-gesiego\/#primaryimage\",\"url\":\"https:\/\/www.emkap1926.com\/wp-content\/uploads\/2025\/04\/EMKAP_JAM_KOLEKTYW_12.10.2021341-copy-scaled.jpg\",\"contentUrl\":\"https:\/\/www.emkap1926.com\/wp-content\/uploads\/2025\/04\/EMKAP_JAM_KOLEKTYW_12.10.2021341-copy-scaled.jpg\",\"width\":2560,\"height\":2560,\"caption\":\"Creative concept, photography: Jola Sk\u00f3ra Set design, styling: Anna Olga Chmielewska Stylist, set designer assistant: Ma\u0142gorzata Moritz Photographer\u2019s assistant: Damian Tomaszowski\"},{\"@type\":\"BreadcrumbList\",\"@id\":\"https:\/\/www.emkap1926.com\/produkt\/kolekcja-ewa-premium-heritage-poduszka-puchowa-premium-recznie-uszyta-ze-100-puchu-gesiego\/#breadcrumb\",\"itemListElement\":[{\"@type\":\"ListItem\",\"position\":1,\"name\":\"Strona g\u0142\u00f3wna\",\"item\":\"https:\/\/www.emkap1926.com\/\"},{\"@type\":\"ListItem\",\"position\":2,\"name\":\"Prywatne: Produkty test\",\"item\":\"https:\/\/www.emkap1926.com\/produkty-test\/\"},{\"@type\":\"ListItem\",\"position\":3,\"name\":\"KOLEKCJA \\\"EWA PREMIUM HERITAGE\\\" - poduszka puchowa premium r\u0119cznie uszyta, 100% puchu g\u0119siego\"}]},{\"@type\":\"WebSite\",\"@id\":\"https:\/\/www.emkap1926.com\/#website\",\"url\":\"https:\/\/www.emkap1926.com\/\",\"name\":\"Emkap1926\",\"description\":\"Najlepsze r\u0119cznie szyte ko\u0142dry puchowe\",\"publisher\":{\"@id\":\"https:\/\/www.emkap1926.com\/#organization\"},\"potentialAction\":[{\"@type\":\"SearchAction\",\"target\":{\"@type\":\"EntryPoint\",\"urlTemplate\":\"https:\/\/www.emkap1926.com\/?s={search_term_string}\"},\"query-input\":{\"@type\":\"PropertyValueSpecification\",\"valueRequired\":true,\"valueName\":\"search_term_string\"}}],\"inLanguage\":\"en-UK\"},{\"@type\":\"Organization\",\"@id\":\"https:\/\/www.emkap1926.com\/#organization\",\"name\":\"Emkap1926\",\"url\":\"https:\/\/www.emkap1926.com\/\",\"logo\":{\"@type\":\"ImageObject\",\"inLanguage\":\"en-UK\",\"@id\":\"https:\/\/www.emkap1926.com\/#\/schema\/logo\/image\/\",\"url\":\"https:\/\/www.emkap1926.com\/wp-content\/uploads\/2022\/06\/logo-e1660324865374.jpg\",\"contentUrl\":\"https:\/\/www.emkap1926.com\/wp-content\/uploads\/2022\/06\/logo-e1660324865374.jpg\",\"width\":500,\"height\":328,\"caption\":\"Emkap1926\"},\"image\":{\"@id\":\"https:\/\/www.emkap1926.com\/#\/schema\/logo\/image\/\"},\"sameAs\":[\"https:\/\/www.facebook.com\/emkap1926\",\"https:\/\/www.instagram.com\/emkap1926\/\"]}]}<\/script>\n<!-- \/ Yoast SEO Premium plugin. -->","yoast_head_json":{"title":"KOLEKCJA \"EWA PREMIUM HERITAGE\" - poduszka puchowa premium r\u0119cznie uszyta, 100% puchu g\u0119siego - Emkap1926","robots":{"index":"index","follow":"follow","max-snippet":"max-snippet:-1","max-image-preview":"max-image-preview:large","max-video-preview":"max-video-preview:-1"},"canonical":"https:\/\/www.emkap1926.com\/en\/product-2\/kolekcja-ewa-premium-heritage-poduszka-puchowa-premium-recznie-uszyta-ze-100-puchu-gesiego\/?wmc-currency=GBP","og_locale":"en_US","og_type":"article","og_title":"KOLEKCJA \"EWA PREMIUM HERITAGE\" - poduszka puchowa premium r\u0119cznie uszyta, 100% puchu g\u0119siego","og_description":"Od 100 lat szyjemy r\u0119cznie naturalne, doskona\u0142ej jako\u015bci spr\u0119\u017cyste puchowe oraz puchowo-pierzowe poduszki. W prezencie do ka\u017cdej poduszki bawe\u0142niane etui zawi\u0105zywane na sznureczki. Dla naszych klient\u00f3w oferujemy us\u0142ug\u0119 regeneracji poduszek po wielu latach u\u017cytkowania.","og_url":"https:\/\/www.emkap1926.com\/en\/product-2\/kolekcja-ewa-premium-heritage-poduszka-puchowa-premium-recznie-uszyta-ze-100-puchu-gesiego\/?wmc-currency=GBP","og_site_name":"Emkap1926","article_publisher":"https:\/\/www.facebook.com\/emkap1926","article_modified_time":"2026-02-03T13:34:38+00:00","og_image":[{"width":2560,"height":2560,"url":"https:\/\/www.emkap1926.com\/wp-content\/uploads\/2025\/04\/EMKAP_JAM_KOLEKTYW_12.10.2021341-copy-scaled.jpg","type":"image\/jpeg"}],"twitter_card":"summary_large_image","twitter_misc":{"Est. reading time":"1 minute"},"schema":{"@context":"https:\/\/schema.org","@graph":[{"@type":"WebPage","@id":"https:\/\/www.emkap1926.com\/produkt\/kolekcja-ewa-premium-heritage-poduszka-puchowa-premium-recznie-uszyta-ze-100-puchu-gesiego\/","url":"https:\/\/www.emkap1926.com\/produkt\/kolekcja-ewa-premium-heritage-poduszka-puchowa-premium-recznie-uszyta-ze-100-puchu-gesiego\/","name":"KOLEKCJA \"EWA PREMIUM HERITAGE\" - poduszka puchowa premium r\u0119cznie uszyta, 100% puchu g\u0119siego - Emkap1926","isPartOf":{"@id":"https:\/\/www.emkap1926.com\/#website"},"primaryImageOfPage":{"@id":"https:\/\/www.emkap1926.com\/produkt\/kolekcja-ewa-premium-heritage-poduszka-puchowa-premium-recznie-uszyta-ze-100-puchu-gesiego\/#primaryimage"},"image":{"@id":"https:\/\/www.emkap1926.com\/produkt\/kolekcja-ewa-premium-heritage-poduszka-puchowa-premium-recznie-uszyta-ze-100-puchu-gesiego\/#primaryimage"},"thumbnailUrl":"https:\/\/www.emkap1926.com\/wp-content\/uploads\/2025\/04\/EMKAP_JAM_KOLEKTYW_12.10.2021341-copy-scaled.jpg","datePublished":"2025-04-01T11:48:31+00:00","dateModified":"2026-02-03T13:34:38+00:00","breadcrumb":{"@id":"https:\/\/www.emkap1926.com\/produkt\/kolekcja-ewa-premium-heritage-poduszka-puchowa-premium-recznie-uszyta-ze-100-puchu-gesiego\/#breadcrumb"},"inLanguage":"en-UK","potentialAction":[{"@type":"ReadAction","target":["https:\/\/www.emkap1926.com\/produkt\/kolekcja-ewa-premium-heritage-poduszka-puchowa-premium-recznie-uszyta-ze-100-puchu-gesiego\/"]}]},{"@type":"ImageObject","inLanguage":"en-UK","@id":"https:\/\/www.emkap1926.com\/produkt\/kolekcja-ewa-premium-heritage-poduszka-puchowa-premium-recznie-uszyta-ze-100-puchu-gesiego\/#primaryimage","url":"https:\/\/www.emkap1926.com\/wp-content\/uploads\/2025\/04\/EMKAP_JAM_KOLEKTYW_12.10.2021341-copy-scaled.jpg","contentUrl":"https:\/\/www.emkap1926.com\/wp-content\/uploads\/2025\/04\/EMKAP_JAM_KOLEKTYW_12.10.2021341-copy-scaled.jpg","width":2560,"height":2560,"caption":"Creative concept, photography: Jola Sk\u00f3ra Set design, styling: Anna Olga Chmielewska Stylist, set designer assistant: Ma\u0142gorzata Moritz Photographer\u2019s assistant: Damian Tomaszowski"},{"@type":"BreadcrumbList","@id":"https:\/\/www.emkap1926.com\/produkt\/kolekcja-ewa-premium-heritage-poduszka-puchowa-premium-recznie-uszyta-ze-100-puchu-gesiego\/#breadcrumb","itemListElement":[{"@type":"ListItem","position":1,"name":"Strona g\u0142\u00f3wna","item":"https:\/\/www.emkap1926.com\/"},{"@type":"ListItem","position":2,"name":"Prywatne: Produkty test","item":"https:\/\/www.emkap1926.com\/produkty-test\/"},{"@type":"ListItem","position":3,"name":"KOLEKCJA \"EWA PREMIUM HERITAGE\" - poduszka puchowa premium r\u0119cznie uszyta, 100% puchu g\u0119siego"}]},{"@type":"WebSite","@id":"https:\/\/www.emkap1926.com\/#website","url":"https:\/\/www.emkap1926.com\/","name":"Emkap1926","description":"Najlepsze r\u0119cznie szyte ko\u0142dry puchowe","publisher":{"@id":"https:\/\/www.emkap1926.com\/#organization"},"potentialAction":[{"@type":"SearchAction","target":{"@type":"EntryPoint","urlTemplate":"https:\/\/www.emkap1926.com\/?s={search_term_string}"},"query-input":{"@type":"PropertyValueSpecification","valueRequired":true,"valueName":"search_term_string"}}],"inLanguage":"en-UK"},{"@type":"Organization","@id":"https:\/\/www.emkap1926.com\/#organization","name":"Emkap1926","url":"https:\/\/www.emkap1926.com\/","logo":{"@type":"ImageObject","inLanguage":"en-UK","@id":"https:\/\/www.emkap1926.com\/#\/schema\/logo\/image\/","url":"https:\/\/www.emkap1926.com\/wp-content\/uploads\/2022\/06\/logo-e1660324865374.jpg","contentUrl":"https:\/\/www.emkap1926.com\/wp-content\/uploads\/2022\/06\/logo-e1660324865374.jpg","width":500,"height":328,"caption":"Emkap1926"},"image":{"@id":"https:\/\/www.emkap1926.com\/#\/schema\/logo\/image\/"},"sameAs":["https:\/\/www.facebook.com\/emkap1926","https:\/\/www.instagram.com\/emkap1926\/"]}]}},"_links":{"self":[{"href":"https:\/\/www.emkap1926.com\/en\/wp-json\/wp\/v2\/product\/1611","targetHints":{"allow":["GET"]}}],"collection":[{"href":"https:\/\/www.emkap1926.com\/en\/wp-json\/wp\/v2\/product"}],"about":[{"href":"https:\/\/www.emkap1926.com\/en\/wp-json\/wp\/v2\/types\/product"}],"replies":[{"embeddable":true,"href":"https:\/\/www.emkap1926.com\/en\/wp-json\/wp\/v2\/comments?post=1611"}],"wp:featuredmedia":[{"embeddable":true,"href":"https:\/\/www.emkap1926.com\/en\/wp-json\/wp\/v2\/media\/1614"}],"wp:attachment":[{"href":"https:\/\/www.emkap1926.com\/en\/wp-json\/wp\/v2\/media?parent=1611"}],"wp:term":[{"taxonomy":"product_brand","embeddable":true,"href":"https:\/\/www.emkap1926.com\/en\/wp-json\/wp\/v2\/product_brand?post=1611"},{"taxonomy":"product_cat","embeddable":true,"href":"https:\/\/www.emkap1926.com\/en\/wp-json\/wp\/v2\/product_cat?post=1611"},{"taxonomy":"product_tag","embeddable":true,"href":"https:\/\/www.emkap1926.com\/en\/wp-json\/wp\/v2\/product_tag?post=1611"}],"curies":[{"name":"wp","href":"https:\/\/api.w.org\/{rel}","templated":true}]}}