{"id":766,"date":"2023-08-21T15:04:34","date_gmt":"2023-08-21T13:04:34","guid":{"rendered":"https:\/\/www.emkap1926.com\/?post_type=product&#038;p=766"},"modified":"2023-08-23T15:10:36","modified_gmt":"2023-08-23T13:10:36","slug":"kolekcja-baby-1926-kolderka-puchowa-100-premium-batystowa-750-cuin-dostepny-zestaw-z-poduszeczka","status":"publish","type":"product","link":"https:\/\/www.emkap1926.com\/en\/product-2\/kolekcja-baby-1926-kolderka-puchowa-100-premium-batystowa-750-cuin-dostepny-zestaw-z-poduszeczka\/","title":{"rendered":"KOLEKCJA \"BABY 1926\" - ko\u0142derka puchowa 100% premium batystowa 750 CUIN (dost\u0119pny zestaw ko\u0142derka z poduszeczk\u0105)"},"content":{"rendered":"<p><span lang=\"PL\">\u015anie\u017cnobia\u0142a ekskluzywna ca\u0142oroczna ko\u0142dra puchowa uszyta r\u0119cznie w Polsce z najwi\u0119ksz\u0105 staranno\u015bci\u0105.\u00a0<strong>Ko\u0142dr\u0119 wype\u0142nia 100% najlepszego dost\u0119pnego w Polsce bia\u0142ego puchu z wielkopolskich g\u0119si o wyj\u0105tkowej czysto\u015bci i spr\u0119\u017cysto\u015bci (750 CUIN).<\/strong>\u00a0Najwy\u017cszej jako\u015bci puch g\u0119si otula przyjemna dla zmys\u0142\u00f3w, mi\u0119kka i przewiewna\u00a0<strong>tkanina batystowa<\/strong>.\u00a0\u00a0<\/span><\/p>\n<p><span lang=\"PL\">Kasetowa konstrukcja w po\u0142\u0105czeniu z pracoch\u0142onnymi przedwojennymi technikami szycia zapewnia jej wyj\u0105tkow\u0105 trwa\u0142o\u015b\u0107 i niezawodno\u015b\u0107 na d\u0142ugie lata. \u00a0<\/span><\/p>\n<p>W zestawie z dzieci\u0119c\u0105 puchow\u0105 ko\u0142derk\u0105 proponujemy puchow\u0105 poduszk\u0119 dostosowan\u0105 wysoko\u015bci\u0105 i gramatur\u0105 puchu do wieku dziecka. Poduszk\u0119 wype\u0142nion\u0105 100% puchem otula przyjemna dla zmys\u0142\u00f3w, <strong>mi\u0119kka, lekka i przewiewna tkanina batystowa, w 100% naturalna<\/strong>.<\/p>\n<p><strong><span lang=\"PL\">Ko\u0142dr\u0119<\/span>\u00a0dostarczamy w wielorazowej bawe\u0142nianej torbie-walizce,<\/strong> kt\u00f3ra pozwala przechowywa\u0107 ko\u0142dry i poduszki w idealnych dla puchu warunkach. Sprawdzi si\u0119 r\u00f3wnie\u017c doskonale jako opakowanie na prezent.\u00a0 Pokrowce zaprojektowali\u015bmy tak, by ko\u0142dry i poduszki oddycha\u0142y i zajmowa\u0142y jak najmniej miejsca. Zar\u00f3wno nasze\u00a0<strong>produkty i opakowania nie zawieraj\u0105 grama plastiku.<\/strong><\/p>\n<p class=\"translation-block\"><strong>Czas realizacji zam\u00f3wienia<\/strong>:&nbsp;Nie mamy d\u0142ugich linii produkcyjnych.&nbsp;Szyjemy dla naszych klient\u00f3w, wykonujemy nasze puchowe ko\u0142dry i poduszki pod konkretne zam\u00f3wienia. 7 dni roboczych od momentu z\u0142o\u017cenia zam\u00f3wienia to maksymalny czas na jego realizacj\u0119, ale zawsze staramy si\u0119, aby\u015bcie otrzymali swoje zam\u00f3wienie wcze\u015bniej.<\/p>","protected":false},"excerpt":{"rendered":"<p>\u015anie\u017cnobia\u0142a ekskluzywna ca\u0142oroczna ko\u0142dra puchowa uszyta r\u0119cznie w Polsce z najwi\u0119ksz\u0105 staranno\u015bci\u0105.\u00a0Ko\u0142dr\u0119 wype\u0142nia 100% najlepszego dost\u0119pnego w Polsce bia\u0142ego puchu z wielkopolskich g\u0119si o wyj\u0105tkowej czysto\u015bci i spr\u0119\u017cysto\u015bci (750 CUIN).\u00a0Najwy\u017cszej jako\u015bci puch g\u0119si otula przyjemna dla zmys\u0142\u00f3w, mi\u0119kka i przewiewna\u00a0tkanina batystowa.\u00a0\u00a0 Kasetowa konstrukcja w po\u0142\u0105czeniu z pracoch\u0142onnymi przedwojennymi technikami szycia zapewnia jej wyj\u0105tkow\u0105 trwa\u0142o\u015b\u0107 i [&hellip;]<\/p>","protected":false},"featured_media":778,"comment_status":"open","ping_status":"closed","template":"","meta":{"_acf_changed":false},"product_brand":[],"product_cat":[62],"product_tag":[],"class_list":{"0":"post-766","1":"product","2":"type-product","3":"status-publish","4":"has-post-thumbnail","6":"product_cat-dla-dzieci","8":"first","9":"instock","10":"shipping-taxable","11":"purchasable","12":"product-type-variable","13":"has-default-attributes"},"acf":[],"yoast_head":"<!-- This site is optimized with the Yoast SEO Premium plugin v18.2.1 (Yoast SEO v26.9) - https:\/\/yoast.com\/product\/yoast-seo-premium-wordpress\/ -->\n<title>KOLEKCJA &quot;BABY 1926&quot; - ko\u0142derka puchowa 100% premium batystowa 750 CUIN (dost\u0119pny zestaw ko\u0142derka z poduszeczk\u0105) - Emkap1926<\/title>\n<meta name=\"robots\" content=\"index, follow, max-snippet:-1, max-image-preview:large, max-video-preview:-1\" \/>\n<link rel=\"canonical\" href=\"https:\/\/www.emkap1926.com\/en\/product-2\/kolekcja-baby-1926-kolderka-puchowa-100-premium-batystowa-750-cuin-dostepny-zestaw-z-poduszeczka\/?wmc-currency=GBP\" \/>\n<meta property=\"og:locale\" content=\"en_US\" \/>\n<meta property=\"og:type\" content=\"article\" \/>\n<meta property=\"og:title\" content=\"KOLEKCJA &quot;BABY 1926&quot; - ko\u0142derka puchowa 100% premium batystowa 750 CUIN (dost\u0119pny zestaw ko\u0142derka z poduszeczk\u0105)\" \/>\n<meta property=\"og:description\" content=\"\u015anie\u017cnobia\u0142a ekskluzywna ca\u0142oroczna ko\u0142dra puchowa uszyta r\u0119cznie w Polsce z najwi\u0119ksz\u0105 staranno\u015bci\u0105.\u00a0Ko\u0142dr\u0119 wype\u0142nia 100% najlepszego dost\u0119pnego w Polsce bia\u0142ego puchu z wielkopolskich g\u0119si o wyj\u0105tkowej czysto\u015bci i spr\u0119\u017cysto\u015bci (750 CUIN).\u00a0Najwy\u017cszej jako\u015bci puch g\u0119si otula przyjemna dla zmys\u0142\u00f3w, mi\u0119kka i przewiewna\u00a0tkanina batystowa.\u00a0\u00a0 Kasetowa konstrukcja w po\u0142\u0105czeniu z pracoch\u0142onnymi przedwojennymi technikami szycia zapewnia jej wyj\u0105tkow\u0105 trwa\u0142o\u015b\u0107 i [&hellip;]\" \/>\n<meta property=\"og:url\" content=\"https:\/\/www.emkap1926.com\/en\/product-2\/kolekcja-baby-1926-kolderka-puchowa-100-premium-batystowa-750-cuin-dostepny-zestaw-z-poduszeczka\/?wmc-currency=GBP\" \/>\n<meta property=\"og:site_name\" content=\"Emkap1926\" \/>\n<meta property=\"article:publisher\" content=\"https:\/\/www.facebook.com\/emkap1926\" \/>\n<meta property=\"article:modified_time\" content=\"2023-08-23T13:10:36+00:00\" \/>\n<meta property=\"og:image\" content=\"https:\/\/www.emkap1926.com\/wp-content\/uploads\/2023\/08\/KOLEKCJA-BABY-1926-main.jpg\" \/>\n\t<meta property=\"og:image:width\" content=\"2048\" \/>\n\t<meta property=\"og:image:height\" content=\"2048\" \/>\n\t<meta property=\"og:image:type\" content=\"image\/jpeg\" \/>\n<meta name=\"twitter:card\" content=\"summary_large_image\" \/>\n<meta name=\"twitter:label1\" content=\"Est. reading time\" \/>\n\t<meta name=\"twitter:data1\" content=\"2 minutes\" \/>\n<script type=\"application\/ld+json\" class=\"yoast-schema-graph\">{\"@context\":\"https:\/\/schema.org\",\"@graph\":[{\"@type\":\"WebPage\",\"@id\":\"https:\/\/www.emkap1926.com\/produkt\/kolekcja-baby-1926-kolderka-puchowa-100-premium-batystowa-750-cuin-dostepny-zestaw-z-poduszeczka\/\",\"url\":\"https:\/\/www.emkap1926.com\/produkt\/kolekcja-baby-1926-kolderka-puchowa-100-premium-batystowa-750-cuin-dostepny-zestaw-z-poduszeczka\/\",\"name\":\"KOLEKCJA \\\"BABY 1926\\\" - ko\u0142derka puchowa 100% premium batystowa 750 CUIN (dost\u0119pny zestaw ko\u0142derka z poduszeczk\u0105) - Emkap1926\",\"isPartOf\":{\"@id\":\"https:\/\/www.emkap1926.com\/#website\"},\"primaryImageOfPage\":{\"@id\":\"https:\/\/www.emkap1926.com\/produkt\/kolekcja-baby-1926-kolderka-puchowa-100-premium-batystowa-750-cuin-dostepny-zestaw-z-poduszeczka\/#primaryimage\"},\"image\":{\"@id\":\"https:\/\/www.emkap1926.com\/produkt\/kolekcja-baby-1926-kolderka-puchowa-100-premium-batystowa-750-cuin-dostepny-zestaw-z-poduszeczka\/#primaryimage\"},\"thumbnailUrl\":\"https:\/\/www.emkap1926.com\/wp-content\/uploads\/2023\/08\/KOLEKCJA-BABY-1926-main.jpg\",\"datePublished\":\"2023-08-21T13:04:34+00:00\",\"dateModified\":\"2023-08-23T13:10:36+00:00\",\"breadcrumb\":{\"@id\":\"https:\/\/www.emkap1926.com\/produkt\/kolekcja-baby-1926-kolderka-puchowa-100-premium-batystowa-750-cuin-dostepny-zestaw-z-poduszeczka\/#breadcrumb\"},\"inLanguage\":\"en-UK\",\"potentialAction\":[{\"@type\":\"ReadAction\",\"target\":[\"https:\/\/www.emkap1926.com\/produkt\/kolekcja-baby-1926-kolderka-puchowa-100-premium-batystowa-750-cuin-dostepny-zestaw-z-poduszeczka\/\"]}]},{\"@type\":\"ImageObject\",\"inLanguage\":\"en-UK\",\"@id\":\"https:\/\/www.emkap1926.com\/produkt\/kolekcja-baby-1926-kolderka-puchowa-100-premium-batystowa-750-cuin-dostepny-zestaw-z-poduszeczka\/#primaryimage\",\"url\":\"https:\/\/www.emkap1926.com\/wp-content\/uploads\/2023\/08\/KOLEKCJA-BABY-1926-main.jpg\",\"contentUrl\":\"https:\/\/www.emkap1926.com\/wp-content\/uploads\/2023\/08\/KOLEKCJA-BABY-1926-main.jpg\",\"width\":2048,\"height\":2048},{\"@type\":\"BreadcrumbList\",\"@id\":\"https:\/\/www.emkap1926.com\/produkt\/kolekcja-baby-1926-kolderka-puchowa-100-premium-batystowa-750-cuin-dostepny-zestaw-z-poduszeczka\/#breadcrumb\",\"itemListElement\":[{\"@type\":\"ListItem\",\"position\":1,\"name\":\"Strona g\u0142\u00f3wna\",\"item\":\"https:\/\/www.emkap1926.com\/\"},{\"@type\":\"ListItem\",\"position\":2,\"name\":\"Prywatne: Produkty test\",\"item\":\"https:\/\/www.emkap1926.com\/produkty-test\/\"},{\"@type\":\"ListItem\",\"position\":3,\"name\":\"KOLEKCJA \\\"BABY 1926\\\" - ko\u0142derka puchowa 100% premium batystowa 750 CUIN (dost\u0119pny zestaw ko\u0142derka z poduszeczk\u0105)\"}]},{\"@type\":\"WebSite\",\"@id\":\"https:\/\/www.emkap1926.com\/#website\",\"url\":\"https:\/\/www.emkap1926.com\/\",\"name\":\"Emkap1926\",\"description\":\"Najlepsze r\u0119cznie szyte ko\u0142dry puchowe\",\"publisher\":{\"@id\":\"https:\/\/www.emkap1926.com\/#organization\"},\"potentialAction\":[{\"@type\":\"SearchAction\",\"target\":{\"@type\":\"EntryPoint\",\"urlTemplate\":\"https:\/\/www.emkap1926.com\/?s={search_term_string}\"},\"query-input\":{\"@type\":\"PropertyValueSpecification\",\"valueRequired\":true,\"valueName\":\"search_term_string\"}}],\"inLanguage\":\"en-UK\"},{\"@type\":\"Organization\",\"@id\":\"https:\/\/www.emkap1926.com\/#organization\",\"name\":\"Emkap1926\",\"url\":\"https:\/\/www.emkap1926.com\/\",\"logo\":{\"@type\":\"ImageObject\",\"inLanguage\":\"en-UK\",\"@id\":\"https:\/\/www.emkap1926.com\/#\/schema\/logo\/image\/\",\"url\":\"https:\/\/www.emkap1926.com\/wp-content\/uploads\/2022\/06\/logo-e1660324865374.jpg\",\"contentUrl\":\"https:\/\/www.emkap1926.com\/wp-content\/uploads\/2022\/06\/logo-e1660324865374.jpg\",\"width\":500,\"height\":328,\"caption\":\"Emkap1926\"},\"image\":{\"@id\":\"https:\/\/www.emkap1926.com\/#\/schema\/logo\/image\/\"},\"sameAs\":[\"https:\/\/www.facebook.com\/emkap1926\",\"https:\/\/www.instagram.com\/emkap1926\/\"]}]}<\/script>\n<!-- \/ Yoast SEO Premium plugin. -->","yoast_head_json":{"title":"KOLEKCJA \"BABY 1926\" - ko\u0142derka puchowa 100% premium batystowa 750 CUIN (dost\u0119pny zestaw ko\u0142derka z poduszeczk\u0105) - Emkap1926","robots":{"index":"index","follow":"follow","max-snippet":"max-snippet:-1","max-image-preview":"max-image-preview:large","max-video-preview":"max-video-preview:-1"},"canonical":"https:\/\/www.emkap1926.com\/en\/product-2\/kolekcja-baby-1926-kolderka-puchowa-100-premium-batystowa-750-cuin-dostepny-zestaw-z-poduszeczka\/?wmc-currency=GBP","og_locale":"en_US","og_type":"article","og_title":"KOLEKCJA \"BABY 1926\" - ko\u0142derka puchowa 100% premium batystowa 750 CUIN (dost\u0119pny zestaw ko\u0142derka z poduszeczk\u0105)","og_description":"\u015anie\u017cnobia\u0142a ekskluzywna ca\u0142oroczna ko\u0142dra puchowa uszyta r\u0119cznie w Polsce z najwi\u0119ksz\u0105 staranno\u015bci\u0105.\u00a0Ko\u0142dr\u0119 wype\u0142nia 100% najlepszego dost\u0119pnego w Polsce bia\u0142ego puchu z wielkopolskich g\u0119si o wyj\u0105tkowej czysto\u015bci i spr\u0119\u017cysto\u015bci (750 CUIN).\u00a0Najwy\u017cszej jako\u015bci puch g\u0119si otula przyjemna dla zmys\u0142\u00f3w, mi\u0119kka i przewiewna\u00a0tkanina batystowa.\u00a0\u00a0 Kasetowa konstrukcja w po\u0142\u0105czeniu z pracoch\u0142onnymi przedwojennymi technikami szycia zapewnia jej wyj\u0105tkow\u0105 trwa\u0142o\u015b\u0107 i [&hellip;]","og_url":"https:\/\/www.emkap1926.com\/en\/product-2\/kolekcja-baby-1926-kolderka-puchowa-100-premium-batystowa-750-cuin-dostepny-zestaw-z-poduszeczka\/?wmc-currency=GBP","og_site_name":"Emkap1926","article_publisher":"https:\/\/www.facebook.com\/emkap1926","article_modified_time":"2023-08-23T13:10:36+00:00","og_image":[{"width":2048,"height":2048,"url":"https:\/\/www.emkap1926.com\/wp-content\/uploads\/2023\/08\/KOLEKCJA-BABY-1926-main.jpg","type":"image\/jpeg"}],"twitter_card":"summary_large_image","twitter_misc":{"Est. reading time":"2 minutes"},"schema":{"@context":"https:\/\/schema.org","@graph":[{"@type":"WebPage","@id":"https:\/\/www.emkap1926.com\/produkt\/kolekcja-baby-1926-kolderka-puchowa-100-premium-batystowa-750-cuin-dostepny-zestaw-z-poduszeczka\/","url":"https:\/\/www.emkap1926.com\/produkt\/kolekcja-baby-1926-kolderka-puchowa-100-premium-batystowa-750-cuin-dostepny-zestaw-z-poduszeczka\/","name":"KOLEKCJA \"BABY 1926\" - ko\u0142derka puchowa 100% premium batystowa 750 CUIN (dost\u0119pny zestaw ko\u0142derka z poduszeczk\u0105) - Emkap1926","isPartOf":{"@id":"https:\/\/www.emkap1926.com\/#website"},"primaryImageOfPage":{"@id":"https:\/\/www.emkap1926.com\/produkt\/kolekcja-baby-1926-kolderka-puchowa-100-premium-batystowa-750-cuin-dostepny-zestaw-z-poduszeczka\/#primaryimage"},"image":{"@id":"https:\/\/www.emkap1926.com\/produkt\/kolekcja-baby-1926-kolderka-puchowa-100-premium-batystowa-750-cuin-dostepny-zestaw-z-poduszeczka\/#primaryimage"},"thumbnailUrl":"https:\/\/www.emkap1926.com\/wp-content\/uploads\/2023\/08\/KOLEKCJA-BABY-1926-main.jpg","datePublished":"2023-08-21T13:04:34+00:00","dateModified":"2023-08-23T13:10:36+00:00","breadcrumb":{"@id":"https:\/\/www.emkap1926.com\/produkt\/kolekcja-baby-1926-kolderka-puchowa-100-premium-batystowa-750-cuin-dostepny-zestaw-z-poduszeczka\/#breadcrumb"},"inLanguage":"en-UK","potentialAction":[{"@type":"ReadAction","target":["https:\/\/www.emkap1926.com\/produkt\/kolekcja-baby-1926-kolderka-puchowa-100-premium-batystowa-750-cuin-dostepny-zestaw-z-poduszeczka\/"]}]},{"@type":"ImageObject","inLanguage":"en-UK","@id":"https:\/\/www.emkap1926.com\/produkt\/kolekcja-baby-1926-kolderka-puchowa-100-premium-batystowa-750-cuin-dostepny-zestaw-z-poduszeczka\/#primaryimage","url":"https:\/\/www.emkap1926.com\/wp-content\/uploads\/2023\/08\/KOLEKCJA-BABY-1926-main.jpg","contentUrl":"https:\/\/www.emkap1926.com\/wp-content\/uploads\/2023\/08\/KOLEKCJA-BABY-1926-main.jpg","width":2048,"height":2048},{"@type":"BreadcrumbList","@id":"https:\/\/www.emkap1926.com\/produkt\/kolekcja-baby-1926-kolderka-puchowa-100-premium-batystowa-750-cuin-dostepny-zestaw-z-poduszeczka\/#breadcrumb","itemListElement":[{"@type":"ListItem","position":1,"name":"Strona g\u0142\u00f3wna","item":"https:\/\/www.emkap1926.com\/"},{"@type":"ListItem","position":2,"name":"Prywatne: Produkty test","item":"https:\/\/www.emkap1926.com\/produkty-test\/"},{"@type":"ListItem","position":3,"name":"KOLEKCJA \"BABY 1926\" - ko\u0142derka puchowa 100% premium batystowa 750 CUIN (dost\u0119pny zestaw ko\u0142derka z poduszeczk\u0105)"}]},{"@type":"WebSite","@id":"https:\/\/www.emkap1926.com\/#website","url":"https:\/\/www.emkap1926.com\/","name":"Emkap1926","description":"Najlepsze r\u0119cznie szyte ko\u0142dry puchowe","publisher":{"@id":"https:\/\/www.emkap1926.com\/#organization"},"potentialAction":[{"@type":"SearchAction","target":{"@type":"EntryPoint","urlTemplate":"https:\/\/www.emkap1926.com\/?s={search_term_string}"},"query-input":{"@type":"PropertyValueSpecification","valueRequired":true,"valueName":"search_term_string"}}],"inLanguage":"en-UK"},{"@type":"Organization","@id":"https:\/\/www.emkap1926.com\/#organization","name":"Emkap1926","url":"https:\/\/www.emkap1926.com\/","logo":{"@type":"ImageObject","inLanguage":"en-UK","@id":"https:\/\/www.emkap1926.com\/#\/schema\/logo\/image\/","url":"https:\/\/www.emkap1926.com\/wp-content\/uploads\/2022\/06\/logo-e1660324865374.jpg","contentUrl":"https:\/\/www.emkap1926.com\/wp-content\/uploads\/2022\/06\/logo-e1660324865374.jpg","width":500,"height":328,"caption":"Emkap1926"},"image":{"@id":"https:\/\/www.emkap1926.com\/#\/schema\/logo\/image\/"},"sameAs":["https:\/\/www.facebook.com\/emkap1926","https:\/\/www.instagram.com\/emkap1926\/"]}]}},"_links":{"self":[{"href":"https:\/\/www.emkap1926.com\/en\/wp-json\/wp\/v2\/product\/766","targetHints":{"allow":["GET"]}}],"collection":[{"href":"https:\/\/www.emkap1926.com\/en\/wp-json\/wp\/v2\/product"}],"about":[{"href":"https:\/\/www.emkap1926.com\/en\/wp-json\/wp\/v2\/types\/product"}],"replies":[{"embeddable":true,"href":"https:\/\/www.emkap1926.com\/en\/wp-json\/wp\/v2\/comments?post=766"}],"wp:featuredmedia":[{"embeddable":true,"href":"https:\/\/www.emkap1926.com\/en\/wp-json\/wp\/v2\/media\/778"}],"wp:attachment":[{"href":"https:\/\/www.emkap1926.com\/en\/wp-json\/wp\/v2\/media?parent=766"}],"wp:term":[{"taxonomy":"product_brand","embeddable":true,"href":"https:\/\/www.emkap1926.com\/en\/wp-json\/wp\/v2\/product_brand?post=766"},{"taxonomy":"product_cat","embeddable":true,"href":"https:\/\/www.emkap1926.com\/en\/wp-json\/wp\/v2\/product_cat?post=766"},{"taxonomy":"product_tag","embeddable":true,"href":"https:\/\/www.emkap1926.com\/en\/wp-json\/wp\/v2\/product_tag?post=766"}],"curies":[{"name":"wp","href":"https:\/\/api.w.org\/{rel}","templated":true}]}}