{"id":982,"date":"2023-09-28T13:20:38","date_gmt":"2023-09-28T11:20:38","guid":{"rendered":"https:\/\/www.emkap1926.com\/?post_type=product&#038;p=982"},"modified":"2026-04-01T13:41:31","modified_gmt":"2026-04-01T11:41:31","slug":"poszewka-na-poduszke-100-len-superior-w-kolorze-naturalnego-bezu","status":"publish","type":"product","link":"https:\/\/www.emkap1926.com\/en\/product-2\/poszewka-na-poduszke-100-len-superior-w-kolorze-naturalnego-bezu\/","title":{"rendered":"Poszewka na poduszk\u0119 100% LEN SUPERIOR w kolorze naturalnego be\u017cu"},"content":{"rendered":"<p>Po\u015bciel z 100% lnu. Kolekcja LENistwo<\/p>\n<p>Kolekcja LENistwo to wyj\u0105tkowo przyjemne w dotyku r\u0119cznie krojone i szyte poszwy na ko\u0142dr\u0119 i poszewki na poduszk\u0119 ze 100% polskiego lnu.<\/p>\n<p><strong>Len w naszych po\u015bcielach ma wyj\u0105tkow\u0105 gramatur\u0119 - 175 gram\u00f3w. <\/strong><\/p>\n<p><strong>Nasz len posiada certyfikat Oeko-Tex 100. <\/strong><\/p>\n<p><strong>Naturalny kolor lnu<\/strong> koi zmys\u0142y i stanowi doskona\u0142\u0105 baz\u0119, umo\u017cliwiaj\u0105c\u0105 dowoln\u0105 aran\u017cacj\u0119\u00a0sypialni.<\/p>\n<p><strong>Po\u015bciel zosta\u0142a skrojona i uszyta r\u0119cznie<\/strong> z przywi\u0105zaniem do najmniejszego detalu. Lniane poszewki, zar\u00f3wno na ko\u0142dr\u0119 jak i poduszki uszyli\u015bmy na zak\u0142adk\u0119 a dodatkowo dodali\u015bmy do nich <strong>pi\u0119kny akcent estetyczny \u2013 po\u015bciel zawi\u0105zywana jest na lniane troczki<\/strong>. W naszej po\u015bcieli nie ma guzik\u00f3w ani suwaka, kt\u00f3re to elementy najcz\u0119\u015bciej ulegaj\u0105 zniszczeniu\/po\u0142amaniu w praniu. Ko\u0142dra bezpiecznie tkwi w poszwie, nie wystaje, nie wysuwa si\u0119, a lniane troczki dodatkowo utrzymuj\u0105 ko\u0142dr\u0119 i poduszk\u0119 na swoim miejscu.<\/p>\n<p>Len, podobnie jak puch, kt\u00f3rym wype\u0142niamy nasze r\u0119cznie szyte ko\u0142dry, ma w\u0142a\u015bciwo\u015bci termoregulacyjne. <strong>Latem lniana po\u015bciel delikatnie ch\u0142odzi sk\u00f3r\u0119 i pozwala jej oddycha\u0107. Zim\u0105 z kolei, po\u015bciel z lnu otula nas utrzymuj\u0105c przyjemne ciep\u0142o. <\/strong>Len skutecznie poch\u0142ania r\u00f3wnie\u017c wilgo\u0107.<\/p>\n<p>Len to idealna tkanina na po\u015bciel, w szczeg\u00f3lno\u015bci do powleczenia naturalnej ko\u0142dry wype\u0142nionej polskim g\u0119sim spr\u0119\u017cystym puchem.<\/p>\n<p>&nbsp;<\/p>\n<h2><strong><span style=\"color: #a47923;\">Dlaczego warto spa\u0107 pod po\u015bciel\u0105 z lnu?<\/span><\/strong><\/h2>\n<p>Len to najlepszy i najdro\u017cszy naturalny materia\u0142. Ma wyj\u0105tkowe w\u0142a\u015bciwo\u015bci prozdrowotne, jest ekologiczny, trwa\u0142y i posiada niebywale d\u0142ug\u0105 histori\u0119.<\/p>\n<p><strong>Wyj\u0105tkowe w\u0142a\u015bciwo\u015bci po\u015bcieli z lnu: <\/strong><\/p>\n<ul class=\"pseudo\">\n<li>Reguluje temperatur\u0119\u00a0cia\u0142a<\/li>\n<li>Posiada w\u0142a\u015bciwo\u015bci higroskopijne, nie zatrzymuje wilgoci<\/li>\n<li>Pozwala sk\u00f3rze oddycha\u0107<\/li>\n<li>Nie uczula ani nie podra\u017cnia sk\u00f3ry. Len jest hipoalergiczny, do jego upraw nie u\u017cywa si\u0119 sztucznych nawoz\u00f3w ani chemii<\/li>\n<li>Nadaje si\u0119 dla alergik\u00f3w i malutkich dzieci. Len ma w\u0142a\u015bciwo\u015bci antybakteryjne. Jego w\u0142\u00f3kna nie zawieraj\u0105\u00a0metali ci\u0119\u017ckich.<\/li>\n<li>Delikatnie masuje sk\u00f3r\u0119, gdy \u015bpimy! W\u0142\u00f3kno lnu posiada specyficzn\u0105 struktur\u0119 , kt\u00f3ra sprawia, \u017ce w kontakcie z nasz\u0105 sk\u00f3r\u0105 zachodzi efekt mikromasa\u017cu. Po\u015bciel z lnu stymuluje kr\u0105\u017cenie, dzi\u0119ki czemu budzimy si\u0119 bardziej zrelaksowani! A przy tym struktura naszego lnu jest bardzo mi\u0142a i przyjemna dla sk\u00f3ry.<\/li>\n<li>Lniana po\u015bciel to doskona\u0142e rozwi\u0105zanie dla Tych z nas, dla kt\u00f3rych wa\u017cny jest dobrostan planety. Len jest biodegradowalny i mo\u017cna go kompostowa\u0107\u2013 roz\u0142o\u017cy si\u0119 w glebie w ci\u0105gu kilku tygodni<\/li>\n<li>Jest wyj\u0105tkowo wytrzyma\u0142\u0105 i d\u0142ugowieczn\u0105 tkanin\u0105. Po\u015bciel z lnu nie przeciera si\u0119\u00a0ani nie dziurawi. Dobrze znosi pranie \u2013 z ka\u017cdym kolejnym praniem szlachetnieje i mi\u0119knie. R\u00f3wnie dobrze znosi prasowanie \u2013 len jest odporny na wysokie temperatury.<\/li>\n<li>Po\u015bciel z lnu b\u0119dzie nam towarzyszy\u0142a przez dekady, tak jak nasze ko\u0142dry wype\u0142nione polskim g\u0119sim puchem.<\/li>\n<\/ul>\n<p>W naszej rodzinie tworzymy po\u015bciel, ko\u0142dry i poduszki, kt\u00f3re b\u0119d\u0105 z Tob\u0105 przez d\u0142ugie lata. Do produkcji\u00a0podchodzimy w spos\u00f3b przemy\u015blany. Dlatego wybieramy tylko naturalne materia\u0142y najwy\u017cszej jako\u015bci: polski puch g\u0119si ze zr\u00f3wnowa\u017conych \u017ar\u00f3de\u0142 czy polski szlachetny len w zmi\u0119kczonym\u00a0wydaniu.<\/p>","protected":false},"excerpt":{"rendered":"<p>W naszej blisko 100-letniej manufakturze tworzymy r\u0119cznie najwy\u017cszej jako\u015bci po\u015bciel, ko\u0142dry i poduszki, kt\u00f3re b\u0119d\u0105 z Tob\u0105 przez d\u0142ugie lata. Ekskluzywna po\u015bciel z lnu zapakowana jest w z\u0142ocone, solidne i eleganckie pude\u0142ko zamykane na magnes.<\/p>","protected":false},"featured_media":1044,"comment_status":"open","ping_status":"closed","template":"","meta":{"_acf_changed":false},"product_brand":[],"product_cat":[82,84],"product_tag":[],"class_list":{"0":"post-982","1":"product","2":"type-product","3":"status-publish","4":"has-post-thumbnail","6":"product_cat-posciel","7":"product_cat-poszewski_poduszka","9":"first","10":"instock","11":"shipping-taxable","12":"purchasable","13":"product-type-variable","14":"has-default-attributes"},"acf":[],"yoast_head":"<!-- This site is optimized with the Yoast SEO Premium plugin v18.2.1 (Yoast SEO v26.9) - https:\/\/yoast.com\/product\/yoast-seo-premium-wordpress\/ -->\n<title>Poszewka na poduszk\u0119 100% LEN SUPERIOR w kolorze naturalnego be\u017cu - Emkap1926<\/title>\n<meta name=\"robots\" content=\"index, follow, max-snippet:-1, max-image-preview:large, max-video-preview:-1\" \/>\n<link rel=\"canonical\" href=\"https:\/\/www.emkap1926.com\/en\/product-2\/poszewka-na-poduszke-100-len-superior-w-kolorze-naturalnego-bezu\/?wmc-currency=GBP\" \/>\n<meta property=\"og:locale\" content=\"en_US\" \/>\n<meta property=\"og:type\" content=\"article\" \/>\n<meta property=\"og:title\" content=\"Poszewka na poduszk\u0119 100% LEN SUPERIOR w kolorze naturalnego be\u017cu\" \/>\n<meta property=\"og:description\" content=\"W naszej blisko 100-letniej manufakturze tworzymy r\u0119cznie najwy\u017cszej jako\u015bci po\u015bciel, ko\u0142dry i poduszki, kt\u00f3re b\u0119d\u0105 z Tob\u0105 przez d\u0142ugie lata. Ekskluzywna po\u015bciel z lnu zapakowana jest w z\u0142ocone, solidne i eleganckie pude\u0142ko zamykane na magnes.\" \/>\n<meta property=\"og:url\" content=\"https:\/\/www.emkap1926.com\/en\/product-2\/poszewka-na-poduszke-100-len-superior-w-kolorze-naturalnego-bezu\/?wmc-currency=GBP\" \/>\n<meta property=\"og:site_name\" content=\"Emkap1926\" \/>\n<meta property=\"article:publisher\" content=\"https:\/\/www.facebook.com\/emkap1926\" \/>\n<meta property=\"article:modified_time\" content=\"2026-04-01T11:41:31+00:00\" \/>\n<meta property=\"og:image\" content=\"https:\/\/www.emkap1926.com\/wp-content\/uploads\/2023\/09\/Emkap1926-poduczki-len-glowne.jpg\" \/>\n\t<meta property=\"og:image:width\" content=\"2048\" \/>\n\t<meta property=\"og:image:height\" content=\"2048\" \/>\n\t<meta property=\"og:image:type\" content=\"image\/jpeg\" \/>\n<meta name=\"twitter:card\" content=\"summary_large_image\" \/>\n<meta name=\"twitter:label1\" content=\"Est. reading time\" \/>\n\t<meta name=\"twitter:data1\" content=\"3 minutes\" \/>\n<script type=\"application\/ld+json\" class=\"yoast-schema-graph\">{\"@context\":\"https:\/\/schema.org\",\"@graph\":[{\"@type\":\"WebPage\",\"@id\":\"https:\/\/www.emkap1926.com\/produkt\/poszewka-na-poduszke-100-len-superior-w-kolorze-naturalnego-bezu\/\",\"url\":\"https:\/\/www.emkap1926.com\/produkt\/poszewka-na-poduszke-100-len-superior-w-kolorze-naturalnego-bezu\/\",\"name\":\"Poszewka na poduszk\u0119 100% LEN SUPERIOR w kolorze naturalnego be\u017cu - Emkap1926\",\"isPartOf\":{\"@id\":\"https:\/\/www.emkap1926.com\/#website\"},\"primaryImageOfPage\":{\"@id\":\"https:\/\/www.emkap1926.com\/produkt\/poszewka-na-poduszke-100-len-superior-w-kolorze-naturalnego-bezu\/#primaryimage\"},\"image\":{\"@id\":\"https:\/\/www.emkap1926.com\/produkt\/poszewka-na-poduszke-100-len-superior-w-kolorze-naturalnego-bezu\/#primaryimage\"},\"thumbnailUrl\":\"https:\/\/www.emkap1926.com\/wp-content\/uploads\/2023\/09\/Emkap1926-poduczki-len-glowne.jpg\",\"datePublished\":\"2023-09-28T11:20:38+00:00\",\"dateModified\":\"2026-04-01T11:41:31+00:00\",\"breadcrumb\":{\"@id\":\"https:\/\/www.emkap1926.com\/produkt\/poszewka-na-poduszke-100-len-superior-w-kolorze-naturalnego-bezu\/#breadcrumb\"},\"inLanguage\":\"en-UK\",\"potentialAction\":[{\"@type\":\"ReadAction\",\"target\":[\"https:\/\/www.emkap1926.com\/produkt\/poszewka-na-poduszke-100-len-superior-w-kolorze-naturalnego-bezu\/\"]}]},{\"@type\":\"ImageObject\",\"inLanguage\":\"en-UK\",\"@id\":\"https:\/\/www.emkap1926.com\/produkt\/poszewka-na-poduszke-100-len-superior-w-kolorze-naturalnego-bezu\/#primaryimage\",\"url\":\"https:\/\/www.emkap1926.com\/wp-content\/uploads\/2023\/09\/Emkap1926-poduczki-len-glowne.jpg\",\"contentUrl\":\"https:\/\/www.emkap1926.com\/wp-content\/uploads\/2023\/09\/Emkap1926-poduczki-len-glowne.jpg\",\"width\":2048,\"height\":2048},{\"@type\":\"BreadcrumbList\",\"@id\":\"https:\/\/www.emkap1926.com\/produkt\/poszewka-na-poduszke-100-len-superior-w-kolorze-naturalnego-bezu\/#breadcrumb\",\"itemListElement\":[{\"@type\":\"ListItem\",\"position\":1,\"name\":\"Strona g\u0142\u00f3wna\",\"item\":\"https:\/\/www.emkap1926.com\/\"},{\"@type\":\"ListItem\",\"position\":2,\"name\":\"Prywatne: Produkty test\",\"item\":\"https:\/\/www.emkap1926.com\/produkty-test\/\"},{\"@type\":\"ListItem\",\"position\":3,\"name\":\"Poszewka na poduszk\u0119 100% LEN SUPERIOR w kolorze naturalnego be\u017cu\"}]},{\"@type\":\"WebSite\",\"@id\":\"https:\/\/www.emkap1926.com\/#website\",\"url\":\"https:\/\/www.emkap1926.com\/\",\"name\":\"Emkap1926\",\"description\":\"Najlepsze r\u0119cznie szyte ko\u0142dry puchowe\",\"publisher\":{\"@id\":\"https:\/\/www.emkap1926.com\/#organization\"},\"potentialAction\":[{\"@type\":\"SearchAction\",\"target\":{\"@type\":\"EntryPoint\",\"urlTemplate\":\"https:\/\/www.emkap1926.com\/?s={search_term_string}\"},\"query-input\":{\"@type\":\"PropertyValueSpecification\",\"valueRequired\":true,\"valueName\":\"search_term_string\"}}],\"inLanguage\":\"en-UK\"},{\"@type\":\"Organization\",\"@id\":\"https:\/\/www.emkap1926.com\/#organization\",\"name\":\"Emkap1926\",\"url\":\"https:\/\/www.emkap1926.com\/\",\"logo\":{\"@type\":\"ImageObject\",\"inLanguage\":\"en-UK\",\"@id\":\"https:\/\/www.emkap1926.com\/#\/schema\/logo\/image\/\",\"url\":\"https:\/\/www.emkap1926.com\/wp-content\/uploads\/2022\/06\/logo-e1660324865374.jpg\",\"contentUrl\":\"https:\/\/www.emkap1926.com\/wp-content\/uploads\/2022\/06\/logo-e1660324865374.jpg\",\"width\":500,\"height\":328,\"caption\":\"Emkap1926\"},\"image\":{\"@id\":\"https:\/\/www.emkap1926.com\/#\/schema\/logo\/image\/\"},\"sameAs\":[\"https:\/\/www.facebook.com\/emkap1926\",\"https:\/\/www.instagram.com\/emkap1926\/\"]}]}<\/script>\n<!-- \/ Yoast SEO Premium plugin. -->","yoast_head_json":{"title":"Poszewka na poduszk\u0119 100% LEN SUPERIOR w kolorze naturalnego be\u017cu - Emkap1926","robots":{"index":"index","follow":"follow","max-snippet":"max-snippet:-1","max-image-preview":"max-image-preview:large","max-video-preview":"max-video-preview:-1"},"canonical":"https:\/\/www.emkap1926.com\/en\/product-2\/poszewka-na-poduszke-100-len-superior-w-kolorze-naturalnego-bezu\/?wmc-currency=GBP","og_locale":"en_US","og_type":"article","og_title":"Poszewka na poduszk\u0119 100% LEN SUPERIOR w kolorze naturalnego be\u017cu","og_description":"W naszej blisko 100-letniej manufakturze tworzymy r\u0119cznie najwy\u017cszej jako\u015bci po\u015bciel, ko\u0142dry i poduszki, kt\u00f3re b\u0119d\u0105 z Tob\u0105 przez d\u0142ugie lata. Ekskluzywna po\u015bciel z lnu zapakowana jest w z\u0142ocone, solidne i eleganckie pude\u0142ko zamykane na magnes.","og_url":"https:\/\/www.emkap1926.com\/en\/product-2\/poszewka-na-poduszke-100-len-superior-w-kolorze-naturalnego-bezu\/?wmc-currency=GBP","og_site_name":"Emkap1926","article_publisher":"https:\/\/www.facebook.com\/emkap1926","article_modified_time":"2026-04-01T11:41:31+00:00","og_image":[{"width":2048,"height":2048,"url":"https:\/\/www.emkap1926.com\/wp-content\/uploads\/2023\/09\/Emkap1926-poduczki-len-glowne.jpg","type":"image\/jpeg"}],"twitter_card":"summary_large_image","twitter_misc":{"Est. reading time":"3 minutes"},"schema":{"@context":"https:\/\/schema.org","@graph":[{"@type":"WebPage","@id":"https:\/\/www.emkap1926.com\/produkt\/poszewka-na-poduszke-100-len-superior-w-kolorze-naturalnego-bezu\/","url":"https:\/\/www.emkap1926.com\/produkt\/poszewka-na-poduszke-100-len-superior-w-kolorze-naturalnego-bezu\/","name":"Poszewka na poduszk\u0119 100% LEN SUPERIOR w kolorze naturalnego be\u017cu - Emkap1926","isPartOf":{"@id":"https:\/\/www.emkap1926.com\/#website"},"primaryImageOfPage":{"@id":"https:\/\/www.emkap1926.com\/produkt\/poszewka-na-poduszke-100-len-superior-w-kolorze-naturalnego-bezu\/#primaryimage"},"image":{"@id":"https:\/\/www.emkap1926.com\/produkt\/poszewka-na-poduszke-100-len-superior-w-kolorze-naturalnego-bezu\/#primaryimage"},"thumbnailUrl":"https:\/\/www.emkap1926.com\/wp-content\/uploads\/2023\/09\/Emkap1926-poduczki-len-glowne.jpg","datePublished":"2023-09-28T11:20:38+00:00","dateModified":"2026-04-01T11:41:31+00:00","breadcrumb":{"@id":"https:\/\/www.emkap1926.com\/produkt\/poszewka-na-poduszke-100-len-superior-w-kolorze-naturalnego-bezu\/#breadcrumb"},"inLanguage":"en-UK","potentialAction":[{"@type":"ReadAction","target":["https:\/\/www.emkap1926.com\/produkt\/poszewka-na-poduszke-100-len-superior-w-kolorze-naturalnego-bezu\/"]}]},{"@type":"ImageObject","inLanguage":"en-UK","@id":"https:\/\/www.emkap1926.com\/produkt\/poszewka-na-poduszke-100-len-superior-w-kolorze-naturalnego-bezu\/#primaryimage","url":"https:\/\/www.emkap1926.com\/wp-content\/uploads\/2023\/09\/Emkap1926-poduczki-len-glowne.jpg","contentUrl":"https:\/\/www.emkap1926.com\/wp-content\/uploads\/2023\/09\/Emkap1926-poduczki-len-glowne.jpg","width":2048,"height":2048},{"@type":"BreadcrumbList","@id":"https:\/\/www.emkap1926.com\/produkt\/poszewka-na-poduszke-100-len-superior-w-kolorze-naturalnego-bezu\/#breadcrumb","itemListElement":[{"@type":"ListItem","position":1,"name":"Strona g\u0142\u00f3wna","item":"https:\/\/www.emkap1926.com\/"},{"@type":"ListItem","position":2,"name":"Prywatne: Produkty test","item":"https:\/\/www.emkap1926.com\/produkty-test\/"},{"@type":"ListItem","position":3,"name":"Poszewka na poduszk\u0119 100% LEN SUPERIOR w kolorze naturalnego be\u017cu"}]},{"@type":"WebSite","@id":"https:\/\/www.emkap1926.com\/#website","url":"https:\/\/www.emkap1926.com\/","name":"Emkap1926","description":"Najlepsze r\u0119cznie szyte ko\u0142dry puchowe","publisher":{"@id":"https:\/\/www.emkap1926.com\/#organization"},"potentialAction":[{"@type":"SearchAction","target":{"@type":"EntryPoint","urlTemplate":"https:\/\/www.emkap1926.com\/?s={search_term_string}"},"query-input":{"@type":"PropertyValueSpecification","valueRequired":true,"valueName":"search_term_string"}}],"inLanguage":"en-UK"},{"@type":"Organization","@id":"https:\/\/www.emkap1926.com\/#organization","name":"Emkap1926","url":"https:\/\/www.emkap1926.com\/","logo":{"@type":"ImageObject","inLanguage":"en-UK","@id":"https:\/\/www.emkap1926.com\/#\/schema\/logo\/image\/","url":"https:\/\/www.emkap1926.com\/wp-content\/uploads\/2022\/06\/logo-e1660324865374.jpg","contentUrl":"https:\/\/www.emkap1926.com\/wp-content\/uploads\/2022\/06\/logo-e1660324865374.jpg","width":500,"height":328,"caption":"Emkap1926"},"image":{"@id":"https:\/\/www.emkap1926.com\/#\/schema\/logo\/image\/"},"sameAs":["https:\/\/www.facebook.com\/emkap1926","https:\/\/www.instagram.com\/emkap1926\/"]}]}},"_links":{"self":[{"href":"https:\/\/www.emkap1926.com\/en\/wp-json\/wp\/v2\/product\/982","targetHints":{"allow":["GET"]}}],"collection":[{"href":"https:\/\/www.emkap1926.com\/en\/wp-json\/wp\/v2\/product"}],"about":[{"href":"https:\/\/www.emkap1926.com\/en\/wp-json\/wp\/v2\/types\/product"}],"replies":[{"embeddable":true,"href":"https:\/\/www.emkap1926.com\/en\/wp-json\/wp\/v2\/comments?post=982"}],"wp:featuredmedia":[{"embeddable":true,"href":"https:\/\/www.emkap1926.com\/en\/wp-json\/wp\/v2\/media\/1044"}],"wp:attachment":[{"href":"https:\/\/www.emkap1926.com\/en\/wp-json\/wp\/v2\/media?parent=982"}],"wp:term":[{"taxonomy":"product_brand","embeddable":true,"href":"https:\/\/www.emkap1926.com\/en\/wp-json\/wp\/v2\/product_brand?post=982"},{"taxonomy":"product_cat","embeddable":true,"href":"https:\/\/www.emkap1926.com\/en\/wp-json\/wp\/v2\/product_cat?post=982"},{"taxonomy":"product_tag","embeddable":true,"href":"https:\/\/www.emkap1926.com\/en\/wp-json\/wp\/v2\/product_tag?post=982"}],"curies":[{"name":"wp","href":"https:\/\/api.w.org\/{rel}","templated":true}]}}